{"id":19381,"date":"2020-10-31T11:56:31","date_gmt":"2020-10-31T10:56:31","guid":{"rendered":"https:\/\/www.galleriasanpietro.com\/?post_type=product&#038;p=19381"},"modified":"2024-11-24T11:16:50","modified_gmt":"2024-11-24T10:16:50","slug":"medaglia-sa-cristoforo-in-metallo","status":"publish","type":"product","link":"https:\/\/www.galleriasanpietro.com\/en\/medaglie-sacre\/medaglia-sa-cristoforo-in-metallo\/","title":{"rendered":"Medaglia San Cristoforo in metallo"},"content":{"rendered":"<p>La Medaglia di San Cristoforo in metallo \u00e8 un oggetto di profondo significato religioso e culturale, spesso utilizzato come simbolo di protezione e guida. San Cristoforo, il santo patrono dei viaggiatori, \u00e8 venerato per la sua leggendaria capacit\u00e0 di aiutare le persone durante i viaggi, rendendo questa medaglia un amuleto particolarmente apprezzato da coloro che si mettono in viaggio, sia per motivi di lavoro che di svago. Realizzata con metalli di alta qualit\u00e0, questa medaglia combina artigianato tradizionale e design contemporaneo, rendendola un accessorio elegante e significativo.<\/p>\n<p>L&#8217;immagine di San Cristoforo, che porta in spalla il Bambino Ges\u00f9, simboleggia la protezione divina. La medaglia \u00e8 spesso accompagnata da una preghiera o da un&#8217;incisione che esprime il desiderio di sicurezza e serenit\u00e0 durante il viaggio. Indossarla come ciondolo o portarla nel portafoglio \u00e8 un gesto che trasmette fede e speranza. Inoltre, la Medaglia di San Cristoforo \u00e8 un regalo ideale per amici e familiari che intraprendono un viaggio, un modo per donare loro un simbolo di amore e protezione.<\/p>\n<p>Disponibile in diverse finiture, come argento, bronzo o oro, questa medaglia si adatta a diverse preferenze personali e stili di vita. \u00c8 un oggetto capace di creare un legame affettivo, ancorando la propria fede anche nei momenti di incertezza. Non solo un accessorio, ma un segno tangibile di spiritualit\u00e0 in un mondo frenetico. La Medaglia di San Cristoforo in metallo rimane cos\u00ec un potente talismano per coloro che desiderano viaggiare con serenit\u00e0, portando sempre con s\u00e9 la benedizione del santo.<\/p>\n<ul>\n<li>scopri altre medaglie<a href=\"https:\/\/www.galleriasanpietro.com\/medaglie-e-croci\/medaglie-sacre\/\"> qui<\/a><\/li>\n<li>seguici su <a href=\"https:\/\/www.instagram.com\/galleria_san_pietro\/\">instagram\u00a0<\/a><\/li>\n<\/ul>\n","protected":false},"excerpt":{"rendered":"<p>Medaglia San Cristoforo in metallo<\/p>\n","protected":false},"featured_media":19382,"template":"","meta":[],"product_cat":[264],"product_tag":[699,608,725],"class_list":{"0":"post-19381","1":"product","2":"type-product","3":"status-publish","4":"has-post-thumbnail","6":"product_cat-medaglie-sacre","7":"product_tag-medaglia","8":"product_tag-metallo","9":"product_tag-santo","11":"first","12":"instock","13":"shipping-taxable","14":"purchasable","15":"product-type-simple"},"acf":[],"yoast_head":"<!-- This site is optimized with the Yoast SEO plugin v21.7 - https:\/\/yoast.com\/wordpress\/plugins\/seo\/ -->\n<title>Medaglia San Cristoforo in metallo | Galleria San Pietro<\/title>\n<meta name=\"description\" content=\"Scopri la Medaglia di San Cristoforo in metallo, simbolo di protezione e guida. Perfetta come amuleto personale o regalo speciale.\" \/>\n<meta name=\"robots\" content=\"index, follow, max-snippet:-1, max-image-preview:large, max-video-preview:-1\" \/>\n<link rel=\"canonical\" href=\"https:\/\/www.galleriasanpietro.com\/en\/medaglie-sacre\/medaglia-sa-cristoforo-in-metallo\/\" \/>\n<meta property=\"og:locale\" content=\"en_US\" \/>\n<meta property=\"og:type\" content=\"article\" \/>\n<meta property=\"og:title\" content=\"Medaglia San Cristoforo in metallo | Galleria San Pietro\" \/>\n<meta property=\"og:description\" content=\"Scopri la Medaglia di San Cristoforo in metallo, simbolo di protezione e guida. Perfetta come amuleto personale o regalo speciale.\" \/>\n<meta property=\"og:url\" content=\"https:\/\/www.galleriasanpietro.com\/en\/medaglie-sacre\/medaglia-sa-cristoforo-in-metallo\/\" \/>\n<meta property=\"og:site_name\" content=\"Galleria San Pietro\" \/>\n<meta property=\"article:publisher\" content=\"https:\/\/www.facebook.com\/galleriasanpietroroma\/\" \/>\n<meta property=\"article:modified_time\" content=\"2024-11-24T10:16:50+00:00\" \/>\n<meta property=\"og:image\" content=\"https:\/\/www.galleriasanpietro.com\/wp-content\/uploads\/2020\/10\/San-Cristoforo.jpg\" \/>\n\t<meta property=\"og:image:width\" content=\"600\" \/>\n\t<meta property=\"og:image:height\" content=\"800\" \/>\n\t<meta property=\"og:image:type\" content=\"image\/jpeg\" \/>\n<meta name=\"twitter:label1\" content=\"Est. reading time\" \/>\n\t<meta name=\"twitter:data1\" content=\"2 minutes\" \/>\n<script type=\"application\/ld+json\" class=\"yoast-schema-graph\">{\"@context\":\"https:\/\/schema.org\",\"@graph\":[{\"@type\":\"WebPage\",\"@id\":\"https:\/\/www.galleriasanpietro.com\/en\/medaglie-sacre\/medaglia-sa-cristoforo-in-metallo\/\",\"url\":\"https:\/\/www.galleriasanpietro.com\/en\/medaglie-sacre\/medaglia-sa-cristoforo-in-metallo\/\",\"name\":\"Medaglia San Cristoforo in metallo | Galleria San Pietro\",\"isPartOf\":{\"@id\":\"https:\/\/www.galleriasanpietro.com\/en\/#website\"},\"datePublished\":\"2020-10-31T10:56:31+00:00\",\"dateModified\":\"2024-11-24T10:16:50+00:00\",\"description\":\"Scopri la Medaglia di San Cristoforo in metallo, simbolo di protezione e guida. Perfetta come amuleto personale o regalo speciale.\",\"breadcrumb\":{\"@id\":\"https:\/\/www.galleriasanpietro.com\/en\/medaglie-sacre\/medaglia-sa-cristoforo-in-metallo\/#breadcrumb\"},\"inLanguage\":\"en-US\",\"potentialAction\":[{\"@type\":\"ReadAction\",\"target\":[\"https:\/\/www.galleriasanpietro.com\/en\/medaglie-sacre\/medaglia-sa-cristoforo-in-metallo\/\"]}]},{\"@type\":\"BreadcrumbList\",\"@id\":\"https:\/\/www.galleriasanpietro.com\/en\/medaglie-sacre\/medaglia-sa-cristoforo-in-metallo\/#breadcrumb\",\"itemListElement\":[{\"@type\":\"ListItem\",\"position\":1,\"name\":\"Home\",\"item\":\"https:\/\/www.galleriasanpietro.com\/en\/\"},{\"@type\":\"ListItem\",\"position\":2,\"name\":\"Our products\",\"item\":\"https:\/\/www.galleriasanpietro.com\/en\/products\/\"},{\"@type\":\"ListItem\",\"position\":3,\"name\":\"Medaglia San Cristoforo in metallo\"}]},{\"@type\":\"WebSite\",\"@id\":\"https:\/\/www.galleriasanpietro.com\/en\/#website\",\"url\":\"https:\/\/www.galleriasanpietro.com\/en\/\",\"name\":\"Galleria San Pietro\",\"description\":\"Vendita articoli religiosi\",\"publisher\":{\"@id\":\"https:\/\/www.galleriasanpietro.com\/en\/#organization\"},\"potentialAction\":[{\"@type\":\"SearchAction\",\"target\":{\"@type\":\"EntryPoint\",\"urlTemplate\":\"https:\/\/www.galleriasanpietro.com\/en\/?s={search_term_string}\"},\"query-input\":\"required name=search_term_string\"}],\"inLanguage\":\"en-US\"},{\"@type\":\"Organization\",\"@id\":\"https:\/\/www.galleriasanpietro.com\/en\/#organization\",\"name\":\"Galleria San Pietro\",\"url\":\"https:\/\/www.galleriasanpietro.com\/en\/\",\"logo\":{\"@type\":\"ImageObject\",\"inLanguage\":\"en-US\",\"@id\":\"https:\/\/www.galleriasanpietro.com\/en\/#\/schema\/logo\/image\/\",\"url\":\"https:\/\/www.galleriasanpietro.com\/wp-content\/uploads\/2018\/03\/logo-san-pietro.png\",\"contentUrl\":\"https:\/\/www.galleriasanpietro.com\/wp-content\/uploads\/2018\/03\/logo-san-pietro.png\",\"width\":578,\"height\":128,\"caption\":\"Galleria San Pietro\"},\"image\":{\"@id\":\"https:\/\/www.galleriasanpietro.com\/en\/#\/schema\/logo\/image\/\"},\"sameAs\":[\"https:\/\/www.facebook.com\/galleriasanpietroroma\/\",\"https:\/\/www.instagram.com\/galleria_san_pietro\/\"]}]}<\/script>\n<!-- \/ Yoast SEO plugin. -->","yoast_head_json":{"title":"Medaglia San Cristoforo in metallo | Galleria San Pietro","description":"Scopri la Medaglia di San Cristoforo in metallo, simbolo di protezione e guida. Perfetta come amuleto personale o regalo speciale.","robots":{"index":"index","follow":"follow","max-snippet":"max-snippet:-1","max-image-preview":"max-image-preview:large","max-video-preview":"max-video-preview:-1"},"canonical":"https:\/\/www.galleriasanpietro.com\/en\/medaglie-sacre\/medaglia-sa-cristoforo-in-metallo\/","og_locale":"en_US","og_type":"article","og_title":"Medaglia San Cristoforo in metallo | Galleria San Pietro","og_description":"Scopri la Medaglia di San Cristoforo in metallo, simbolo di protezione e guida. Perfetta come amuleto personale o regalo speciale.","og_url":"https:\/\/www.galleriasanpietro.com\/en\/medaglie-sacre\/medaglia-sa-cristoforo-in-metallo\/","og_site_name":"Galleria San Pietro","article_publisher":"https:\/\/www.facebook.com\/galleriasanpietroroma\/","article_modified_time":"2024-11-24T10:16:50+00:00","og_image":[{"width":600,"height":800,"url":"https:\/\/www.galleriasanpietro.com\/wp-content\/uploads\/2020\/10\/San-Cristoforo.jpg","type":"image\/jpeg"}],"twitter_misc":{"Est. reading time":"2 minutes"},"schema":{"@context":"https:\/\/schema.org","@graph":[{"@type":"WebPage","@id":"https:\/\/www.galleriasanpietro.com\/en\/medaglie-sacre\/medaglia-sa-cristoforo-in-metallo\/","url":"https:\/\/www.galleriasanpietro.com\/en\/medaglie-sacre\/medaglia-sa-cristoforo-in-metallo\/","name":"Medaglia San Cristoforo in metallo | Galleria San Pietro","isPartOf":{"@id":"https:\/\/www.galleriasanpietro.com\/en\/#website"},"datePublished":"2020-10-31T10:56:31+00:00","dateModified":"2024-11-24T10:16:50+00:00","description":"Scopri la Medaglia di San Cristoforo in metallo, simbolo di protezione e guida. Perfetta come amuleto personale o regalo speciale.","breadcrumb":{"@id":"https:\/\/www.galleriasanpietro.com\/en\/medaglie-sacre\/medaglia-sa-cristoforo-in-metallo\/#breadcrumb"},"inLanguage":"en-US","potentialAction":[{"@type":"ReadAction","target":["https:\/\/www.galleriasanpietro.com\/en\/medaglie-sacre\/medaglia-sa-cristoforo-in-metallo\/"]}]},{"@type":"BreadcrumbList","@id":"https:\/\/www.galleriasanpietro.com\/en\/medaglie-sacre\/medaglia-sa-cristoforo-in-metallo\/#breadcrumb","itemListElement":[{"@type":"ListItem","position":1,"name":"Home","item":"https:\/\/www.galleriasanpietro.com\/en\/"},{"@type":"ListItem","position":2,"name":"Our products","item":"https:\/\/www.galleriasanpietro.com\/en\/products\/"},{"@type":"ListItem","position":3,"name":"Medaglia San Cristoforo in metallo"}]},{"@type":"WebSite","@id":"https:\/\/www.galleriasanpietro.com\/en\/#website","url":"https:\/\/www.galleriasanpietro.com\/en\/","name":"Galleria San Pietro","description":"Vendita articoli religiosi","publisher":{"@id":"https:\/\/www.galleriasanpietro.com\/en\/#organization"},"potentialAction":[{"@type":"SearchAction","target":{"@type":"EntryPoint","urlTemplate":"https:\/\/www.galleriasanpietro.com\/en\/?s={search_term_string}"},"query-input":"required name=search_term_string"}],"inLanguage":"en-US"},{"@type":"Organization","@id":"https:\/\/www.galleriasanpietro.com\/en\/#organization","name":"Galleria San Pietro","url":"https:\/\/www.galleriasanpietro.com\/en\/","logo":{"@type":"ImageObject","inLanguage":"en-US","@id":"https:\/\/www.galleriasanpietro.com\/en\/#\/schema\/logo\/image\/","url":"https:\/\/www.galleriasanpietro.com\/wp-content\/uploads\/2018\/03\/logo-san-pietro.png","contentUrl":"https:\/\/www.galleriasanpietro.com\/wp-content\/uploads\/2018\/03\/logo-san-pietro.png","width":578,"height":128,"caption":"Galleria San Pietro"},"image":{"@id":"https:\/\/www.galleriasanpietro.com\/en\/#\/schema\/logo\/image\/"},"sameAs":["https:\/\/www.facebook.com\/galleriasanpietroroma\/","https:\/\/www.instagram.com\/galleria_san_pietro\/"]}]}},"_links":{"self":[{"href":"https:\/\/www.galleriasanpietro.com\/en\/wp-json\/wp\/v2\/product\/19381","targetHints":{"allow":["GET"]}}],"collection":[{"href":"https:\/\/www.galleriasanpietro.com\/en\/wp-json\/wp\/v2\/product"}],"about":[{"href":"https:\/\/www.galleriasanpietro.com\/en\/wp-json\/wp\/v2\/types\/product"}],"wp:featuredmedia":[{"embeddable":true,"href":"https:\/\/www.galleriasanpietro.com\/en\/wp-json\/wp\/v2\/media\/19382"}],"wp:attachment":[{"href":"https:\/\/www.galleriasanpietro.com\/en\/wp-json\/wp\/v2\/media?parent=19381"}],"wp:term":[{"taxonomy":"product_cat","embeddable":true,"href":"https:\/\/www.galleriasanpietro.com\/en\/wp-json\/wp\/v2\/product_cat?post=19381"},{"taxonomy":"product_tag","embeddable":true,"href":"https:\/\/www.galleriasanpietro.com\/en\/wp-json\/wp\/v2\/product_tag?post=19381"}],"curies":[{"name":"wp","href":"https:\/\/api.w.org\/{rel}","templated":true}]}}