{"id":31552,"date":"2024-09-04T16:20:19","date_gmt":"2024-09-04T14:20:19","guid":{"rendered":"https:\/\/www.galleriasanpietro.com\/?post_type=product&#038;p=31552"},"modified":"2024-09-04T16:20:19","modified_gmt":"2024-09-04T14:20:19","slug":"croce-san-benedetto-con-base-4","status":"publish","type":"product","link":"https:\/\/www.galleriasanpietro.com\/en\/crocifissi-in-legno\/croce-san-benedetto-con-base-4\/","title":{"rendered":"Croce San Benedetto con base"},"content":{"rendered":"<p>La Croce di San Benedetto con base \u00e8 un simbolo prezioso per la tradizione cristiana, in particolare all&#8217;interno dell&#8217;Ordine di San Benedetto e tra i suoi devoti. Questo talismano rappresenta non solo la fede, ma anche la protezione e la liberazione dal male. La sua forma distintiva, una croce latina, \u00e8 arricchita da iscrizioni che rimandano a invocazioni di potere spirituale.<\/p>\n<p>La croce \u00e8 caratterizzata da una serie di sigilli e simboli che richiamano santi e scritture bibliche. Tra le scritte pi\u00f9 significative si trova la famosa invocazione &#8220;Crux sacra sit mihi lux&#8221; (&#8220;La croce sacra sia la mia luce&#8221;), insieme a frasi che chiedono la protezione e la benedizione divina. Le lettere &#8220;C S P B&#8221; stanno per &#8220;Crux Sancti Patris Benedicti&#8221; (La croce del Santo Padre Benedetto), conferendo alla croce un senso di autorit\u00e0 e sacralit\u00e0.<\/p>\n<p>Tradizionalmente, la Croce di San Benedetto viene utilizzata come amuleto, con l&#8217;intento di allontanare influenze negative e maledizioni. Spesso viene portata al collo o affissa nelle case, nelle chiese e nei luoghi di lavoro. Durante la benedizione di questa croce, viene recitata una preghiera che invoca la protezione contro il maligno e le tentazioni.<\/p>\n<p>La base della croce \u00e8 un elemento significativo: rappresenta la stabilit\u00e0 e la connessione con la terra, simboleggiando cos\u00ec la nostra ancoraggio alla fede e alla vita spirituale. La Croce di San Benedetto con base , dunque, non \u00e8 solo un segno di appartenenza a una tradizione religiosa, ma anche un mezzo per vivere una vita piena di grazia e protezione divina. In questo modo, essa continua a ispirare fedeli di ogni dove, rimanendo un faro di speranza e salvezza nel cammino spirituale.<\/p>\n<ul>\n<li>Guarda altri crocifissi <a href=\"https:\/\/www.galleriasanpietro.com\/medaglie-e-croci\/croci-crocifissi\/\">qui\u00a0<\/a><\/li>\n<li>Seguici su <a href=\"https:\/\/www.facebook.com\/galleriasanpietroroma\/\">Facebook\u00a0<\/a><\/li>\n<\/ul>\n","protected":false},"excerpt":{"rendered":"<p>La Croce di San Benedetto con base \u00e8 un simbolo prezioso per la tradizione cristiana, in particolare all&#8217;interno dell&#8217;Ordine di San Benedetto e tra i suoi devoti. Questo talismano rappresenta non solo la fede, ma anche la protezione e la liberazione dal male. La sua forma distintiva, una croce latina, \u00e8 arricchita da iscrizioni che [&hellip;]<\/p>\n","protected":false},"featured_media":31554,"template":"","meta":[],"product_cat":[265,250],"product_tag":[590,631],"class_list":{"0":"post-31552","1":"product","2":"type-product","3":"status-publish","4":"has-post-thumbnail","6":"product_cat-crocifissi-in-legno","7":"product_cat-croci-crocifissi","8":"product_tag-san-benedetto","9":"product_tag-ulivo","11":"first","12":"instock","13":"shipping-taxable","14":"purchasable","15":"product-type-simple"},"acf":[],"yoast_head":"<!-- This site is optimized with the Yoast SEO plugin v21.7 - https:\/\/yoast.com\/wordpress\/plugins\/seo\/ -->\n<title>Croce San Benedetto con base | Galleria San Pietro Roma | Compra online<\/title>\n<meta name=\"description\" content=\"La Croce di San Benedetto, simbolo di protezione, presenta un design che integra le iniziali di frasi latine e un significato spirituale profondo.\" \/>\n<meta name=\"robots\" content=\"index, follow, max-snippet:-1, max-image-preview:large, max-video-preview:-1\" \/>\n<link rel=\"canonical\" href=\"https:\/\/www.galleriasanpietro.com\/en\/crocifissi-in-legno\/croce-san-benedetto-con-base-4\/\" \/>\n<meta property=\"og:locale\" content=\"en_US\" \/>\n<meta property=\"og:type\" content=\"article\" \/>\n<meta property=\"og:title\" content=\"Croce San Benedetto con base | Galleria San Pietro Roma | Compra online\" \/>\n<meta property=\"og:description\" content=\"La Croce di San Benedetto, simbolo di protezione, presenta un design che integra le iniziali di frasi latine e un significato spirituale profondo.\" \/>\n<meta property=\"og:url\" content=\"https:\/\/www.galleriasanpietro.com\/en\/crocifissi-in-legno\/croce-san-benedetto-con-base-4\/\" \/>\n<meta property=\"og:site_name\" content=\"Galleria San Pietro\" \/>\n<meta property=\"article:publisher\" content=\"https:\/\/www.facebook.com\/galleriasanpietroroma\/\" \/>\n<meta property=\"og:image\" content=\"https:\/\/www.galleriasanpietro.com\/wp-content\/uploads\/2024\/09\/PG_277-B1.jpg\" \/>\n\t<meta property=\"og:image:width\" content=\"1920\" \/>\n\t<meta property=\"og:image:height\" content=\"1920\" \/>\n\t<meta property=\"og:image:type\" content=\"image\/jpeg\" \/>\n<meta name=\"twitter:label1\" content=\"Est. reading time\" \/>\n\t<meta name=\"twitter:data1\" content=\"2 minutes\" \/>\n<script type=\"application\/ld+json\" class=\"yoast-schema-graph\">{\"@context\":\"https:\/\/schema.org\",\"@graph\":[{\"@type\":\"WebPage\",\"@id\":\"https:\/\/www.galleriasanpietro.com\/en\/crocifissi-in-legno\/croce-san-benedetto-con-base-4\/\",\"url\":\"https:\/\/www.galleriasanpietro.com\/en\/crocifissi-in-legno\/croce-san-benedetto-con-base-4\/\",\"name\":\"Croce San Benedetto con base | Galleria San Pietro Roma | Compra online\",\"isPartOf\":{\"@id\":\"https:\/\/www.galleriasanpietro.com\/en\/#website\"},\"datePublished\":\"2024-09-04T14:20:19+00:00\",\"dateModified\":\"2024-09-04T14:20:19+00:00\",\"description\":\"La Croce di San Benedetto, simbolo di protezione, presenta un design che integra le iniziali di frasi latine e un significato spirituale profondo.\",\"breadcrumb\":{\"@id\":\"https:\/\/www.galleriasanpietro.com\/en\/crocifissi-in-legno\/croce-san-benedetto-con-base-4\/#breadcrumb\"},\"inLanguage\":\"en-US\",\"potentialAction\":[{\"@type\":\"ReadAction\",\"target\":[\"https:\/\/www.galleriasanpietro.com\/en\/crocifissi-in-legno\/croce-san-benedetto-con-base-4\/\"]}]},{\"@type\":\"BreadcrumbList\",\"@id\":\"https:\/\/www.galleriasanpietro.com\/en\/crocifissi-in-legno\/croce-san-benedetto-con-base-4\/#breadcrumb\",\"itemListElement\":[{\"@type\":\"ListItem\",\"position\":1,\"name\":\"Home\",\"item\":\"https:\/\/www.galleriasanpietro.com\/en\/\"},{\"@type\":\"ListItem\",\"position\":2,\"name\":\"Our products\",\"item\":\"https:\/\/www.galleriasanpietro.com\/en\/products\/\"},{\"@type\":\"ListItem\",\"position\":3,\"name\":\"Croce San Benedetto con base\"}]},{\"@type\":\"WebSite\",\"@id\":\"https:\/\/www.galleriasanpietro.com\/en\/#website\",\"url\":\"https:\/\/www.galleriasanpietro.com\/en\/\",\"name\":\"Galleria San Pietro\",\"description\":\"Vendita articoli religiosi\",\"publisher\":{\"@id\":\"https:\/\/www.galleriasanpietro.com\/en\/#organization\"},\"potentialAction\":[{\"@type\":\"SearchAction\",\"target\":{\"@type\":\"EntryPoint\",\"urlTemplate\":\"https:\/\/www.galleriasanpietro.com\/en\/?s={search_term_string}\"},\"query-input\":\"required name=search_term_string\"}],\"inLanguage\":\"en-US\"},{\"@type\":\"Organization\",\"@id\":\"https:\/\/www.galleriasanpietro.com\/en\/#organization\",\"name\":\"Galleria San Pietro\",\"url\":\"https:\/\/www.galleriasanpietro.com\/en\/\",\"logo\":{\"@type\":\"ImageObject\",\"inLanguage\":\"en-US\",\"@id\":\"https:\/\/www.galleriasanpietro.com\/en\/#\/schema\/logo\/image\/\",\"url\":\"https:\/\/www.galleriasanpietro.com\/wp-content\/uploads\/2018\/03\/logo-san-pietro.png\",\"contentUrl\":\"https:\/\/www.galleriasanpietro.com\/wp-content\/uploads\/2018\/03\/logo-san-pietro.png\",\"width\":578,\"height\":128,\"caption\":\"Galleria San Pietro\"},\"image\":{\"@id\":\"https:\/\/www.galleriasanpietro.com\/en\/#\/schema\/logo\/image\/\"},\"sameAs\":[\"https:\/\/www.facebook.com\/galleriasanpietroroma\/\",\"https:\/\/www.instagram.com\/galleria_san_pietro\/\"]}]}<\/script>\n<!-- \/ Yoast SEO plugin. -->","yoast_head_json":{"title":"Croce San Benedetto con base | Galleria San Pietro Roma | Compra online","description":"La Croce di San Benedetto, simbolo di protezione, presenta un design che integra le iniziali di frasi latine e un significato spirituale profondo.","robots":{"index":"index","follow":"follow","max-snippet":"max-snippet:-1","max-image-preview":"max-image-preview:large","max-video-preview":"max-video-preview:-1"},"canonical":"https:\/\/www.galleriasanpietro.com\/en\/crocifissi-in-legno\/croce-san-benedetto-con-base-4\/","og_locale":"en_US","og_type":"article","og_title":"Croce San Benedetto con base | Galleria San Pietro Roma | Compra online","og_description":"La Croce di San Benedetto, simbolo di protezione, presenta un design che integra le iniziali di frasi latine e un significato spirituale profondo.","og_url":"https:\/\/www.galleriasanpietro.com\/en\/crocifissi-in-legno\/croce-san-benedetto-con-base-4\/","og_site_name":"Galleria San Pietro","article_publisher":"https:\/\/www.facebook.com\/galleriasanpietroroma\/","og_image":[{"width":1920,"height":1920,"url":"https:\/\/www.galleriasanpietro.com\/wp-content\/uploads\/2024\/09\/PG_277-B1.jpg","type":"image\/jpeg"}],"twitter_misc":{"Est. reading time":"2 minutes"},"schema":{"@context":"https:\/\/schema.org","@graph":[{"@type":"WebPage","@id":"https:\/\/www.galleriasanpietro.com\/en\/crocifissi-in-legno\/croce-san-benedetto-con-base-4\/","url":"https:\/\/www.galleriasanpietro.com\/en\/crocifissi-in-legno\/croce-san-benedetto-con-base-4\/","name":"Croce San Benedetto con base | Galleria San Pietro Roma | Compra online","isPartOf":{"@id":"https:\/\/www.galleriasanpietro.com\/en\/#website"},"datePublished":"2024-09-04T14:20:19+00:00","dateModified":"2024-09-04T14:20:19+00:00","description":"La Croce di San Benedetto, simbolo di protezione, presenta un design che integra le iniziali di frasi latine e un significato spirituale profondo.","breadcrumb":{"@id":"https:\/\/www.galleriasanpietro.com\/en\/crocifissi-in-legno\/croce-san-benedetto-con-base-4\/#breadcrumb"},"inLanguage":"en-US","potentialAction":[{"@type":"ReadAction","target":["https:\/\/www.galleriasanpietro.com\/en\/crocifissi-in-legno\/croce-san-benedetto-con-base-4\/"]}]},{"@type":"BreadcrumbList","@id":"https:\/\/www.galleriasanpietro.com\/en\/crocifissi-in-legno\/croce-san-benedetto-con-base-4\/#breadcrumb","itemListElement":[{"@type":"ListItem","position":1,"name":"Home","item":"https:\/\/www.galleriasanpietro.com\/en\/"},{"@type":"ListItem","position":2,"name":"Our products","item":"https:\/\/www.galleriasanpietro.com\/en\/products\/"},{"@type":"ListItem","position":3,"name":"Croce San Benedetto con base"}]},{"@type":"WebSite","@id":"https:\/\/www.galleriasanpietro.com\/en\/#website","url":"https:\/\/www.galleriasanpietro.com\/en\/","name":"Galleria San Pietro","description":"Vendita articoli religiosi","publisher":{"@id":"https:\/\/www.galleriasanpietro.com\/en\/#organization"},"potentialAction":[{"@type":"SearchAction","target":{"@type":"EntryPoint","urlTemplate":"https:\/\/www.galleriasanpietro.com\/en\/?s={search_term_string}"},"query-input":"required name=search_term_string"}],"inLanguage":"en-US"},{"@type":"Organization","@id":"https:\/\/www.galleriasanpietro.com\/en\/#organization","name":"Galleria San Pietro","url":"https:\/\/www.galleriasanpietro.com\/en\/","logo":{"@type":"ImageObject","inLanguage":"en-US","@id":"https:\/\/www.galleriasanpietro.com\/en\/#\/schema\/logo\/image\/","url":"https:\/\/www.galleriasanpietro.com\/wp-content\/uploads\/2018\/03\/logo-san-pietro.png","contentUrl":"https:\/\/www.galleriasanpietro.com\/wp-content\/uploads\/2018\/03\/logo-san-pietro.png","width":578,"height":128,"caption":"Galleria San Pietro"},"image":{"@id":"https:\/\/www.galleriasanpietro.com\/en\/#\/schema\/logo\/image\/"},"sameAs":["https:\/\/www.facebook.com\/galleriasanpietroroma\/","https:\/\/www.instagram.com\/galleria_san_pietro\/"]}]}},"_links":{"self":[{"href":"https:\/\/www.galleriasanpietro.com\/en\/wp-json\/wp\/v2\/product\/31552","targetHints":{"allow":["GET"]}}],"collection":[{"href":"https:\/\/www.galleriasanpietro.com\/en\/wp-json\/wp\/v2\/product"}],"about":[{"href":"https:\/\/www.galleriasanpietro.com\/en\/wp-json\/wp\/v2\/types\/product"}],"wp:featuredmedia":[{"embeddable":true,"href":"https:\/\/www.galleriasanpietro.com\/en\/wp-json\/wp\/v2\/media\/31554"}],"wp:attachment":[{"href":"https:\/\/www.galleriasanpietro.com\/en\/wp-json\/wp\/v2\/media?parent=31552"}],"wp:term":[{"taxonomy":"product_cat","embeddable":true,"href":"https:\/\/www.galleriasanpietro.com\/en\/wp-json\/wp\/v2\/product_cat?post=31552"},{"taxonomy":"product_tag","embeddable":true,"href":"https:\/\/www.galleriasanpietro.com\/en\/wp-json\/wp\/v2\/product_tag?post=31552"}],"curies":[{"name":"wp","href":"https:\/\/api.w.org\/{rel}","templated":true}]}}