{"id":31527,"date":"2024-09-04T14:17:42","date_gmt":"2024-09-04T12:17:42","guid":{"rendered":"https:\/\/www.galleriasanpietro.com\/?post_type=product&#038;p=31527"},"modified":"2024-09-04T14:17:43","modified_gmt":"2024-09-04T12:17:43","slug":"medaglia-san-benedetto-ovale","status":"publish","type":"product","link":"https:\/\/www.galleriasanpietro.com\/en\/medaglie-e-croci\/medaglia-san-benedetto-ovale\/","title":{"rendered":"Medaglia San Benedetto ovale"},"content":{"rendered":"<p>La Medaglia di San Benedetto ovale \u00e8 un potente simbolo di protezione e fede nel cristianesimo, in particolare tra i devoti dell&#8217;Ordine di San Benedetto. Con una forma ovale, la medaglia presenta una serie di iconografie e inscrizioni che rimandano alla vita e agli insegnamenti di San Benedetto da Norcia, fondatore dell&#8217;Ordine benedettino.<\/p>\n<p>Sul fronte della medaglia, si trova l&#8217;immagine di San Benedetto, spesso rappresentato con una croce in una mano e un libro nell&#8217;altra, simboli sia della sua guida spirituale che della sua dedizione all&#8217;insegnamento. Attorno a lui, si notano le iniziali delle frasi in latino che richiamano la protezione divina e l&#8217;allontanamento del male. Un elemento chiave \u00e8 la croce che si erge ai suoi piedi, simbolo di vittoria sul peccato e sulla morte.<\/p>\n<p>La parte posteriore della medaglia \u00e8 altrettanto significativa. Qui troviamo una croce con le lettere C S P B, che stanno per &#8220;Crux sacra sit mihi lux&#8221; (La santa croce sia la mia luce). Questa affermazione \u00e8 accompagnata da altre iniziali che formano una preghiera contro il male: &#8220;Vade retro Satana&#8221; (&#8220;Torna indietro Satana&#8221;), evidenziando l\u2019intento della medaglia di allontanare le influenze negative.<\/p>\n<p>La Medaglia di San Benedetto \u00e8 comunemente indossata come segno di protezione personale, ma \u00e8 anche utilizzata in benedizioni di case e luoghi di lavoro. La sua diffusione \u00e8 aumentata nel corso dei secoli, divenendo un simbolo riconoscibile di fede e speranza per molti cristiani. Molti ritengono che portarla con s\u00e9 possa favorire la pace interiore e la protezione spirituale, rendendola un oggetto molto ricercato tra i praticanti della religione cattolica.<\/p>\n<ul>\n<li>Guarda altri articoli <a href=\"https:\/\/www.galleriasanpietro.com\/medaglie-e-croci\/croci-crocifissi\/\">qui\u00a0<\/a><\/li>\n<li>Seguici su <a href=\"https:\/\/www.facebook.com\/galleriasanpietroroma\/\">Facebook\u00a0<\/a><\/li>\n<\/ul>\n<p>&nbsp;<\/p>\n","protected":false},"excerpt":{"rendered":"<p><strong>Medaglia San Benedetto ovale ox cm 1,5<\/strong><\/p>\n","protected":false},"featured_media":31528,"template":"","meta":[],"product_cat":[202],"product_tag":[699,590],"class_list":{"0":"post-31527","1":"product","2":"type-product","3":"status-publish","4":"has-post-thumbnail","6":"product_cat-medaglie-e-croci","7":"product_tag-medaglia","8":"product_tag-san-benedetto","10":"first","11":"instock","12":"shipping-taxable","13":"purchasable","14":"product-type-simple"},"acf":[],"yoast_head":"<!-- This site is optimized with the Yoast SEO plugin v21.7 - https:\/\/yoast.com\/wordpress\/plugins\/seo\/ -->\n<title>Medaglia San Benedetto ovale | Galleria San Pietro Roma | Compra online<\/title>\n<meta name=\"description\" content=\"Scopri la medaglia di San Benedetto ovale: simbolo di protezione e fede, porta fortuna e benedizioni nella tua vita quotidiana.\" \/>\n<meta name=\"robots\" content=\"index, follow, max-snippet:-1, max-image-preview:large, max-video-preview:-1\" \/>\n<link rel=\"canonical\" href=\"https:\/\/www.galleriasanpietro.com\/en\/medaglie-e-croci\/medaglia-san-benedetto-ovale\/\" \/>\n<meta property=\"og:locale\" content=\"en_US\" \/>\n<meta property=\"og:type\" content=\"article\" \/>\n<meta property=\"og:title\" content=\"Medaglia San Benedetto ovale | Galleria San Pietro Roma | Compra online\" \/>\n<meta property=\"og:description\" content=\"Scopri la medaglia di San Benedetto ovale: simbolo di protezione e fede, porta fortuna e benedizioni nella tua vita quotidiana.\" \/>\n<meta property=\"og:url\" content=\"https:\/\/www.galleriasanpietro.com\/en\/medaglie-e-croci\/medaglia-san-benedetto-ovale\/\" \/>\n<meta property=\"og:site_name\" content=\"Galleria San Pietro\" \/>\n<meta property=\"article:publisher\" content=\"https:\/\/www.facebook.com\/galleriasanpietroroma\/\" \/>\n<meta property=\"article:modified_time\" content=\"2024-09-04T12:17:43+00:00\" \/>\n<meta property=\"og:image\" content=\"https:\/\/www.galleriasanpietro.com\/wp-content\/uploads\/2024\/09\/PG_2681.jpg\" \/>\n\t<meta property=\"og:image:width\" content=\"1920\" \/>\n\t<meta property=\"og:image:height\" content=\"1920\" \/>\n\t<meta property=\"og:image:type\" content=\"image\/jpeg\" \/>\n<meta name=\"twitter:label1\" content=\"Est. reading time\" \/>\n\t<meta name=\"twitter:data1\" content=\"2 minutes\" \/>\n<script type=\"application\/ld+json\" class=\"yoast-schema-graph\">{\"@context\":\"https:\/\/schema.org\",\"@graph\":[{\"@type\":\"WebPage\",\"@id\":\"https:\/\/www.galleriasanpietro.com\/en\/medaglie-e-croci\/medaglia-san-benedetto-ovale\/\",\"url\":\"https:\/\/www.galleriasanpietro.com\/en\/medaglie-e-croci\/medaglia-san-benedetto-ovale\/\",\"name\":\"Medaglia San Benedetto ovale | Galleria San Pietro Roma | Compra online\",\"isPartOf\":{\"@id\":\"https:\/\/www.galleriasanpietro.com\/en\/#website\"},\"datePublished\":\"2024-09-04T12:17:42+00:00\",\"dateModified\":\"2024-09-04T12:17:43+00:00\",\"description\":\"Scopri la medaglia di San Benedetto ovale: simbolo di protezione e fede, porta fortuna e benedizioni nella tua vita quotidiana.\",\"breadcrumb\":{\"@id\":\"https:\/\/www.galleriasanpietro.com\/en\/medaglie-e-croci\/medaglia-san-benedetto-ovale\/#breadcrumb\"},\"inLanguage\":\"en-US\",\"potentialAction\":[{\"@type\":\"ReadAction\",\"target\":[\"https:\/\/www.galleriasanpietro.com\/en\/medaglie-e-croci\/medaglia-san-benedetto-ovale\/\"]}]},{\"@type\":\"BreadcrumbList\",\"@id\":\"https:\/\/www.galleriasanpietro.com\/en\/medaglie-e-croci\/medaglia-san-benedetto-ovale\/#breadcrumb\",\"itemListElement\":[{\"@type\":\"ListItem\",\"position\":1,\"name\":\"Home\",\"item\":\"https:\/\/www.galleriasanpietro.com\/en\/\"},{\"@type\":\"ListItem\",\"position\":2,\"name\":\"Our products\",\"item\":\"https:\/\/www.galleriasanpietro.com\/en\/products\/\"},{\"@type\":\"ListItem\",\"position\":3,\"name\":\"Medaglia San Benedetto ovale\"}]},{\"@type\":\"WebSite\",\"@id\":\"https:\/\/www.galleriasanpietro.com\/en\/#website\",\"url\":\"https:\/\/www.galleriasanpietro.com\/en\/\",\"name\":\"Galleria San Pietro\",\"description\":\"Vendita articoli religiosi\",\"publisher\":{\"@id\":\"https:\/\/www.galleriasanpietro.com\/en\/#organization\"},\"potentialAction\":[{\"@type\":\"SearchAction\",\"target\":{\"@type\":\"EntryPoint\",\"urlTemplate\":\"https:\/\/www.galleriasanpietro.com\/en\/?s={search_term_string}\"},\"query-input\":\"required name=search_term_string\"}],\"inLanguage\":\"en-US\"},{\"@type\":\"Organization\",\"@id\":\"https:\/\/www.galleriasanpietro.com\/en\/#organization\",\"name\":\"Galleria San Pietro\",\"url\":\"https:\/\/www.galleriasanpietro.com\/en\/\",\"logo\":{\"@type\":\"ImageObject\",\"inLanguage\":\"en-US\",\"@id\":\"https:\/\/www.galleriasanpietro.com\/en\/#\/schema\/logo\/image\/\",\"url\":\"https:\/\/www.galleriasanpietro.com\/wp-content\/uploads\/2018\/03\/logo-san-pietro.png\",\"contentUrl\":\"https:\/\/www.galleriasanpietro.com\/wp-content\/uploads\/2018\/03\/logo-san-pietro.png\",\"width\":578,\"height\":128,\"caption\":\"Galleria San Pietro\"},\"image\":{\"@id\":\"https:\/\/www.galleriasanpietro.com\/en\/#\/schema\/logo\/image\/\"},\"sameAs\":[\"https:\/\/www.facebook.com\/galleriasanpietroroma\/\",\"https:\/\/www.instagram.com\/galleria_san_pietro\/\"]}]}<\/script>\n<!-- \/ Yoast SEO plugin. -->","yoast_head_json":{"title":"Medaglia San Benedetto ovale | Galleria San Pietro Roma | Compra online","description":"Scopri la medaglia di San Benedetto ovale: simbolo di protezione e fede, porta fortuna e benedizioni nella tua vita quotidiana.","robots":{"index":"index","follow":"follow","max-snippet":"max-snippet:-1","max-image-preview":"max-image-preview:large","max-video-preview":"max-video-preview:-1"},"canonical":"https:\/\/www.galleriasanpietro.com\/en\/medaglie-e-croci\/medaglia-san-benedetto-ovale\/","og_locale":"en_US","og_type":"article","og_title":"Medaglia San Benedetto ovale | Galleria San Pietro Roma | Compra online","og_description":"Scopri la medaglia di San Benedetto ovale: simbolo di protezione e fede, porta fortuna e benedizioni nella tua vita quotidiana.","og_url":"https:\/\/www.galleriasanpietro.com\/en\/medaglie-e-croci\/medaglia-san-benedetto-ovale\/","og_site_name":"Galleria San Pietro","article_publisher":"https:\/\/www.facebook.com\/galleriasanpietroroma\/","article_modified_time":"2024-09-04T12:17:43+00:00","og_image":[{"width":1920,"height":1920,"url":"https:\/\/www.galleriasanpietro.com\/wp-content\/uploads\/2024\/09\/PG_2681.jpg","type":"image\/jpeg"}],"twitter_misc":{"Est. reading time":"2 minutes"},"schema":{"@context":"https:\/\/schema.org","@graph":[{"@type":"WebPage","@id":"https:\/\/www.galleriasanpietro.com\/en\/medaglie-e-croci\/medaglia-san-benedetto-ovale\/","url":"https:\/\/www.galleriasanpietro.com\/en\/medaglie-e-croci\/medaglia-san-benedetto-ovale\/","name":"Medaglia San Benedetto ovale | Galleria San Pietro Roma | Compra online","isPartOf":{"@id":"https:\/\/www.galleriasanpietro.com\/en\/#website"},"datePublished":"2024-09-04T12:17:42+00:00","dateModified":"2024-09-04T12:17:43+00:00","description":"Scopri la medaglia di San Benedetto ovale: simbolo di protezione e fede, porta fortuna e benedizioni nella tua vita quotidiana.","breadcrumb":{"@id":"https:\/\/www.galleriasanpietro.com\/en\/medaglie-e-croci\/medaglia-san-benedetto-ovale\/#breadcrumb"},"inLanguage":"en-US","potentialAction":[{"@type":"ReadAction","target":["https:\/\/www.galleriasanpietro.com\/en\/medaglie-e-croci\/medaglia-san-benedetto-ovale\/"]}]},{"@type":"BreadcrumbList","@id":"https:\/\/www.galleriasanpietro.com\/en\/medaglie-e-croci\/medaglia-san-benedetto-ovale\/#breadcrumb","itemListElement":[{"@type":"ListItem","position":1,"name":"Home","item":"https:\/\/www.galleriasanpietro.com\/en\/"},{"@type":"ListItem","position":2,"name":"Our products","item":"https:\/\/www.galleriasanpietro.com\/en\/products\/"},{"@type":"ListItem","position":3,"name":"Medaglia San Benedetto ovale"}]},{"@type":"WebSite","@id":"https:\/\/www.galleriasanpietro.com\/en\/#website","url":"https:\/\/www.galleriasanpietro.com\/en\/","name":"Galleria San Pietro","description":"Vendita articoli religiosi","publisher":{"@id":"https:\/\/www.galleriasanpietro.com\/en\/#organization"},"potentialAction":[{"@type":"SearchAction","target":{"@type":"EntryPoint","urlTemplate":"https:\/\/www.galleriasanpietro.com\/en\/?s={search_term_string}"},"query-input":"required name=search_term_string"}],"inLanguage":"en-US"},{"@type":"Organization","@id":"https:\/\/www.galleriasanpietro.com\/en\/#organization","name":"Galleria San Pietro","url":"https:\/\/www.galleriasanpietro.com\/en\/","logo":{"@type":"ImageObject","inLanguage":"en-US","@id":"https:\/\/www.galleriasanpietro.com\/en\/#\/schema\/logo\/image\/","url":"https:\/\/www.galleriasanpietro.com\/wp-content\/uploads\/2018\/03\/logo-san-pietro.png","contentUrl":"https:\/\/www.galleriasanpietro.com\/wp-content\/uploads\/2018\/03\/logo-san-pietro.png","width":578,"height":128,"caption":"Galleria San Pietro"},"image":{"@id":"https:\/\/www.galleriasanpietro.com\/en\/#\/schema\/logo\/image\/"},"sameAs":["https:\/\/www.facebook.com\/galleriasanpietroroma\/","https:\/\/www.instagram.com\/galleria_san_pietro\/"]}]}},"_links":{"self":[{"href":"https:\/\/www.galleriasanpietro.com\/en\/wp-json\/wp\/v2\/product\/31527","targetHints":{"allow":["GET"]}}],"collection":[{"href":"https:\/\/www.galleriasanpietro.com\/en\/wp-json\/wp\/v2\/product"}],"about":[{"href":"https:\/\/www.galleriasanpietro.com\/en\/wp-json\/wp\/v2\/types\/product"}],"wp:featuredmedia":[{"embeddable":true,"href":"https:\/\/www.galleriasanpietro.com\/en\/wp-json\/wp\/v2\/media\/31528"}],"wp:attachment":[{"href":"https:\/\/www.galleriasanpietro.com\/en\/wp-json\/wp\/v2\/media?parent=31527"}],"wp:term":[{"taxonomy":"product_cat","embeddable":true,"href":"https:\/\/www.galleriasanpietro.com\/en\/wp-json\/wp\/v2\/product_cat?post=31527"},{"taxonomy":"product_tag","embeddable":true,"href":"https:\/\/www.galleriasanpietro.com\/en\/wp-json\/wp\/v2\/product_tag?post=31527"}],"curies":[{"name":"wp","href":"https:\/\/api.w.org\/{rel}","templated":true}]}}