{"id":31514,"date":"2024-09-01T17:18:20","date_gmt":"2024-09-01T15:18:20","guid":{"rendered":"https:\/\/www.galleriasanpietro.com\/?post_type=product&#038;p=31514"},"modified":"2025-01-05T11:11:10","modified_gmt":"2025-01-05T10:11:10","slug":"croce-san-benedetto-metallo-dorato","status":"publish","type":"product","link":"https:\/\/www.galleriasanpietro.com\/en\/croci-crocifissi\/croce-san-benedetto-metallo-dorato\/","title":{"rendered":"Croce San Benedetto metallo dorato"},"content":{"rendered":"<p>La Croce di San Benedetto \u00e8 un simbolo di potere spirituale e protezione, storicamente associato all&#8217;Ordine Benedettino e alla figura di San Benedetto da Norcia, fondatore del monachesimo occidentale. Realizzata in metallo dorato, questa croce porta con s\u00e9 una ricca simbologia e un profondo significato religioso.<\/p>\n<p>La sua forma classica, con bracci ben proporzionati, trasmette una sensazione di stabilit\u00e0 e armonia. Il metallo dorato, oltre a conferirle un aspetto maestoso e luminoso, rappresenta la divinit\u00e0 e la luce, riflettendo il desiderio di avvicinarsi al sacro. Ogni croce \u00e8 spesso incisa con varie scritture latine, tra cui la celebre &#8220;Eius in obitu nostro praesidium&#8221; (Sia la sua protezione nel nostro morire), che esprime la funzione di protezione contro il male e le tentazioni.<\/p>\n<p>Sulla parte anteriore della croce possono essere visibili l&#8217;immagine di San Benedetto, tenente nella mano destra un libro con la sua regola monastica, mentre la sinistra \u00e8 solitamente rivolta in un gesto di benedizione. La croce \u00e8 anche celata di simboli mistici, come il crux sacra vincit, che riassume la vittoria della fede sul male.<\/p>\n<p>Spesso utilizzata nei riti di benedizione e nei sacramenti, la Croce di San Benedetto \u00e8 un oggetto profondamente venerato, considerato un talismano per la protezione fisica e spirituale. Essa trova posto in molte case, scuole e chiese, dove funge da portafortuna e promemoria della presenza divina. Non solo un ornamento, ma un vero e proprio simbolo di fede, la Croce di San Benedetto in metallo dorato rappresenta l\u2019unione tra arte e spiritualit\u00e0, evocando la storia di una tradizione che continua a ispirare e a proteggere generazioni.<\/p>\n<ul>\n<li>Guarda altri crocifissi <a href=\"https:\/\/www.galleriasanpietro.com\/medaglie-e-croci\/croci-crocifissi\/\">qui\u00a0<\/a><\/li>\n<li>Seguici su <a href=\"https:\/\/www.facebook.com\/galleriasanpietroroma\/\">Facebook\u00a0<\/a><\/li>\n<\/ul>\n","protected":false},"excerpt":{"rendered":"<p>Croce San Benedetto metallo dorato<\/p>\n","protected":false},"featured_media":31517,"template":"","meta":[],"product_cat":[250],"product_tag":[],"class_list":{"0":"post-31514","1":"product","2":"type-product","3":"status-publish","4":"has-post-thumbnail","6":"product_cat-croci-crocifissi","8":"first","9":"instock","10":"shipping-taxable","11":"purchasable","12":"product-type-variable"},"acf":[],"yoast_head":"<!-- This site is optimized with the Yoast SEO plugin v21.7 - https:\/\/yoast.com\/wordpress\/plugins\/seo\/ -->\n<title>Croce San Benedetto metallo dorato | Galleria San Pietro Roma | Compra Ora<\/title>\n<meta name=\"description\" content=\"La Croce di San Benedetto in metallo dorato \u00e8 un simbolo di protezione e fede, ornata con dettagli raffinati che ne esaltano la bellezza.\" \/>\n<meta name=\"robots\" content=\"index, follow, max-snippet:-1, max-image-preview:large, max-video-preview:-1\" \/>\n<link rel=\"canonical\" href=\"https:\/\/www.galleriasanpietro.com\/en\/croci-crocifissi\/croce-san-benedetto-metallo-dorato\/\" \/>\n<meta property=\"og:locale\" content=\"en_US\" \/>\n<meta property=\"og:type\" content=\"article\" \/>\n<meta property=\"og:title\" content=\"Croce San Benedetto metallo dorato | Galleria San Pietro Roma | Compra Ora\" \/>\n<meta property=\"og:description\" content=\"La Croce di San Benedetto in metallo dorato \u00e8 un simbolo di protezione e fede, ornata con dettagli raffinati che ne esaltano la bellezza.\" \/>\n<meta property=\"og:url\" content=\"https:\/\/www.galleriasanpietro.com\/en\/croci-crocifissi\/croce-san-benedetto-metallo-dorato\/\" \/>\n<meta property=\"og:site_name\" content=\"Galleria San Pietro\" \/>\n<meta property=\"article:publisher\" content=\"https:\/\/www.facebook.com\/galleriasanpietroroma\/\" \/>\n<meta property=\"article:modified_time\" content=\"2025-01-05T10:11:10+00:00\" \/>\n<meta property=\"og:image\" content=\"https:\/\/www.galleriasanpietro.com\/wp-content\/uploads\/2024\/09\/PG_264-D1.jpg\" \/>\n\t<meta property=\"og:image:width\" content=\"1920\" \/>\n\t<meta property=\"og:image:height\" content=\"1920\" \/>\n\t<meta property=\"og:image:type\" content=\"image\/jpeg\" \/>\n<meta name=\"twitter:label1\" content=\"Est. reading time\" \/>\n\t<meta name=\"twitter:data1\" content=\"2 minutes\" \/>\n<script type=\"application\/ld+json\" class=\"yoast-schema-graph\">{\"@context\":\"https:\/\/schema.org\",\"@graph\":[{\"@type\":\"WebPage\",\"@id\":\"https:\/\/www.galleriasanpietro.com\/en\/croci-crocifissi\/croce-san-benedetto-metallo-dorato\/\",\"url\":\"https:\/\/www.galleriasanpietro.com\/en\/croci-crocifissi\/croce-san-benedetto-metallo-dorato\/\",\"name\":\"Croce San Benedetto metallo dorato | Galleria San Pietro Roma | Compra Ora\",\"isPartOf\":{\"@id\":\"https:\/\/www.galleriasanpietro.com\/en\/#website\"},\"datePublished\":\"2024-09-01T15:18:20+00:00\",\"dateModified\":\"2025-01-05T10:11:10+00:00\",\"description\":\"La Croce di San Benedetto in metallo dorato \u00e8 un simbolo di protezione e fede, ornata con dettagli raffinati che ne esaltano la bellezza.\",\"breadcrumb\":{\"@id\":\"https:\/\/www.galleriasanpietro.com\/en\/croci-crocifissi\/croce-san-benedetto-metallo-dorato\/#breadcrumb\"},\"inLanguage\":\"en-US\",\"potentialAction\":[{\"@type\":\"ReadAction\",\"target\":[\"https:\/\/www.galleriasanpietro.com\/en\/croci-crocifissi\/croce-san-benedetto-metallo-dorato\/\"]}]},{\"@type\":\"BreadcrumbList\",\"@id\":\"https:\/\/www.galleriasanpietro.com\/en\/croci-crocifissi\/croce-san-benedetto-metallo-dorato\/#breadcrumb\",\"itemListElement\":[{\"@type\":\"ListItem\",\"position\":1,\"name\":\"Home\",\"item\":\"https:\/\/www.galleriasanpietro.com\/en\/\"},{\"@type\":\"ListItem\",\"position\":2,\"name\":\"Our products\",\"item\":\"https:\/\/www.galleriasanpietro.com\/en\/products\/\"},{\"@type\":\"ListItem\",\"position\":3,\"name\":\"Croce San Benedetto metallo dorato\"}]},{\"@type\":\"WebSite\",\"@id\":\"https:\/\/www.galleriasanpietro.com\/en\/#website\",\"url\":\"https:\/\/www.galleriasanpietro.com\/en\/\",\"name\":\"Galleria San Pietro\",\"description\":\"Vendita articoli religiosi\",\"publisher\":{\"@id\":\"https:\/\/www.galleriasanpietro.com\/en\/#organization\"},\"potentialAction\":[{\"@type\":\"SearchAction\",\"target\":{\"@type\":\"EntryPoint\",\"urlTemplate\":\"https:\/\/www.galleriasanpietro.com\/en\/?s={search_term_string}\"},\"query-input\":\"required name=search_term_string\"}],\"inLanguage\":\"en-US\"},{\"@type\":\"Organization\",\"@id\":\"https:\/\/www.galleriasanpietro.com\/en\/#organization\",\"name\":\"Galleria San Pietro\",\"url\":\"https:\/\/www.galleriasanpietro.com\/en\/\",\"logo\":{\"@type\":\"ImageObject\",\"inLanguage\":\"en-US\",\"@id\":\"https:\/\/www.galleriasanpietro.com\/en\/#\/schema\/logo\/image\/\",\"url\":\"https:\/\/www.galleriasanpietro.com\/wp-content\/uploads\/2018\/03\/logo-san-pietro.png\",\"contentUrl\":\"https:\/\/www.galleriasanpietro.com\/wp-content\/uploads\/2018\/03\/logo-san-pietro.png\",\"width\":578,\"height\":128,\"caption\":\"Galleria San Pietro\"},\"image\":{\"@id\":\"https:\/\/www.galleriasanpietro.com\/en\/#\/schema\/logo\/image\/\"},\"sameAs\":[\"https:\/\/www.facebook.com\/galleriasanpietroroma\/\",\"https:\/\/www.instagram.com\/galleria_san_pietro\/\"]}]}<\/script>\n<!-- \/ Yoast SEO plugin. -->","yoast_head_json":{"title":"Croce San Benedetto metallo dorato | Galleria San Pietro Roma | Compra Ora","description":"La Croce di San Benedetto in metallo dorato \u00e8 un simbolo di protezione e fede, ornata con dettagli raffinati che ne esaltano la bellezza.","robots":{"index":"index","follow":"follow","max-snippet":"max-snippet:-1","max-image-preview":"max-image-preview:large","max-video-preview":"max-video-preview:-1"},"canonical":"https:\/\/www.galleriasanpietro.com\/en\/croci-crocifissi\/croce-san-benedetto-metallo-dorato\/","og_locale":"en_US","og_type":"article","og_title":"Croce San Benedetto metallo dorato | Galleria San Pietro Roma | Compra Ora","og_description":"La Croce di San Benedetto in metallo dorato \u00e8 un simbolo di protezione e fede, ornata con dettagli raffinati che ne esaltano la bellezza.","og_url":"https:\/\/www.galleriasanpietro.com\/en\/croci-crocifissi\/croce-san-benedetto-metallo-dorato\/","og_site_name":"Galleria San Pietro","article_publisher":"https:\/\/www.facebook.com\/galleriasanpietroroma\/","article_modified_time":"2025-01-05T10:11:10+00:00","og_image":[{"width":1920,"height":1920,"url":"https:\/\/www.galleriasanpietro.com\/wp-content\/uploads\/2024\/09\/PG_264-D1.jpg","type":"image\/jpeg"}],"twitter_misc":{"Est. reading time":"2 minutes"},"schema":{"@context":"https:\/\/schema.org","@graph":[{"@type":"WebPage","@id":"https:\/\/www.galleriasanpietro.com\/en\/croci-crocifissi\/croce-san-benedetto-metallo-dorato\/","url":"https:\/\/www.galleriasanpietro.com\/en\/croci-crocifissi\/croce-san-benedetto-metallo-dorato\/","name":"Croce San Benedetto metallo dorato | Galleria San Pietro Roma | Compra Ora","isPartOf":{"@id":"https:\/\/www.galleriasanpietro.com\/en\/#website"},"datePublished":"2024-09-01T15:18:20+00:00","dateModified":"2025-01-05T10:11:10+00:00","description":"La Croce di San Benedetto in metallo dorato \u00e8 un simbolo di protezione e fede, ornata con dettagli raffinati che ne esaltano la bellezza.","breadcrumb":{"@id":"https:\/\/www.galleriasanpietro.com\/en\/croci-crocifissi\/croce-san-benedetto-metallo-dorato\/#breadcrumb"},"inLanguage":"en-US","potentialAction":[{"@type":"ReadAction","target":["https:\/\/www.galleriasanpietro.com\/en\/croci-crocifissi\/croce-san-benedetto-metallo-dorato\/"]}]},{"@type":"BreadcrumbList","@id":"https:\/\/www.galleriasanpietro.com\/en\/croci-crocifissi\/croce-san-benedetto-metallo-dorato\/#breadcrumb","itemListElement":[{"@type":"ListItem","position":1,"name":"Home","item":"https:\/\/www.galleriasanpietro.com\/en\/"},{"@type":"ListItem","position":2,"name":"Our products","item":"https:\/\/www.galleriasanpietro.com\/en\/products\/"},{"@type":"ListItem","position":3,"name":"Croce San Benedetto metallo dorato"}]},{"@type":"WebSite","@id":"https:\/\/www.galleriasanpietro.com\/en\/#website","url":"https:\/\/www.galleriasanpietro.com\/en\/","name":"Galleria San Pietro","description":"Vendita articoli religiosi","publisher":{"@id":"https:\/\/www.galleriasanpietro.com\/en\/#organization"},"potentialAction":[{"@type":"SearchAction","target":{"@type":"EntryPoint","urlTemplate":"https:\/\/www.galleriasanpietro.com\/en\/?s={search_term_string}"},"query-input":"required name=search_term_string"}],"inLanguage":"en-US"},{"@type":"Organization","@id":"https:\/\/www.galleriasanpietro.com\/en\/#organization","name":"Galleria San Pietro","url":"https:\/\/www.galleriasanpietro.com\/en\/","logo":{"@type":"ImageObject","inLanguage":"en-US","@id":"https:\/\/www.galleriasanpietro.com\/en\/#\/schema\/logo\/image\/","url":"https:\/\/www.galleriasanpietro.com\/wp-content\/uploads\/2018\/03\/logo-san-pietro.png","contentUrl":"https:\/\/www.galleriasanpietro.com\/wp-content\/uploads\/2018\/03\/logo-san-pietro.png","width":578,"height":128,"caption":"Galleria San Pietro"},"image":{"@id":"https:\/\/www.galleriasanpietro.com\/en\/#\/schema\/logo\/image\/"},"sameAs":["https:\/\/www.facebook.com\/galleriasanpietroroma\/","https:\/\/www.instagram.com\/galleria_san_pietro\/"]}]}},"_links":{"self":[{"href":"https:\/\/www.galleriasanpietro.com\/en\/wp-json\/wp\/v2\/product\/31514","targetHints":{"allow":["GET"]}}],"collection":[{"href":"https:\/\/www.galleriasanpietro.com\/en\/wp-json\/wp\/v2\/product"}],"about":[{"href":"https:\/\/www.galleriasanpietro.com\/en\/wp-json\/wp\/v2\/types\/product"}],"wp:featuredmedia":[{"embeddable":true,"href":"https:\/\/www.galleriasanpietro.com\/en\/wp-json\/wp\/v2\/media\/31517"}],"wp:attachment":[{"href":"https:\/\/www.galleriasanpietro.com\/en\/wp-json\/wp\/v2\/media?parent=31514"}],"wp:term":[{"taxonomy":"product_cat","embeddable":true,"href":"https:\/\/www.galleriasanpietro.com\/en\/wp-json\/wp\/v2\/product_cat?post=31514"},{"taxonomy":"product_tag","embeddable":true,"href":"https:\/\/www.galleriasanpietro.com\/en\/wp-json\/wp\/v2\/product_tag?post=31514"}],"curies":[{"name":"wp","href":"https:\/\/api.w.org\/{rel}","templated":true}]}}