{"id":31466,"date":"2024-09-01T16:07:49","date_gmt":"2024-09-01T14:07:49","guid":{"rendered":"https:\/\/www.galleriasanpietro.com\/?post_type=product&#038;p=31466"},"modified":"2024-09-01T16:07:49","modified_gmt":"2024-09-01T14:07:49","slug":"croce-san-damiano-in-legno","status":"publish","type":"product","link":"https:\/\/www.galleriasanpietro.com\/en\/crocifissi-in-legno\/croce-san-damiano-in-legno\/","title":{"rendered":"Croce San Damiano in legno"},"content":{"rendered":"<p>La Croce di San Damiano \u00e8 un importante capolavoro d&#8217;arte cristiana, realizzata in legno e rivestita in foglia d&#8217;oro. Questa croce, risalente al XII secolo, ha un forte significato religioso e storico, ed \u00e8 strettamente legata alla vita di San Francesco d&#8217;Assisi. Secondo la tradizione, fu davanti a questa croce che Francesco ricevette la chiamata divina a riformare la Chiesa, un momento che segn\u00f2 l&#8217;inizio della sua missione spirituale.<\/p>\n<p>La croce presenta una grande ricchezza di dettagli iconografici. Al centro, Cristo \u00e8 rappresentato in croce, con un volto espressivo che comunica un intenso dolore, ma anche una profonda serenit\u00e0. Le sue braccia si estendono, simbolizzando l&#8217;apertura e l&#8217;accoglienza del messaggio cristiano. Ai piedi della croce, sono raffigurate diverse figure, tra cui la Vergine Maria e San Giovanni, che condividono il momento di sofferenza e di speranza.<\/p>\n<p>La tecnica di lavorazione in legno unita all\u2019uso della foglia d\u2019oro conferisce a quest&#8217;opera una luminosa bellezza. La foglia d\u2019oro riflette la luce in modo peculiarmente suggestivo, creando un&#8217;atmosfera di sacralit\u00e0 e spiritualit\u00e0. Questa combinazione di materiali non solo esalta la bellezza estetica dell&#8217;opera, ma rappresenta anche la divinit\u00e0 e l&#8217;immortalit\u00e0 di Cristo.<\/p>\n<p>La Croce di San Damiano non \u00e8 solo un&#8217;opera d&#8217;arte; \u00e8 un simbolo profondo della fede cristiana e un importante richiamo alla missione di amore e servizio. Oggi, custodita nel convento di San Damiano, continua a ispirare pellegrini e visitatori, ricordando l&#8217;eredit\u00e0 spirituale di San Francesco e il suo messaggio di pace e umilt\u00e0. La sua presenza rievoca la bellezza della tradizione artistica medievale e la sua straordinaria capacit\u00e0 di comunicare emozioni e valori universali.<\/p>\n<ul>\n<li>Guarda altri croci <a href=\"https:\/\/www.galleriasanpietro.com\/medaglie-e-croci\/croci-crocifissi\/\">qui\u00a0<\/a><\/li>\n<li>Seguici su <a href=\"https:\/\/www.facebook.com\/galleriasanpietroroma\/\">Facebook\u00a0<\/a><\/li>\n<\/ul>\n","protected":false},"excerpt":{"rendered":"<p>Croce San Damiano in legno e foglia oro<\/p>\n","protected":false},"featured_media":31467,"template":"","meta":[],"product_cat":[265,250],"product_tag":[642,613,660],"class_list":{"0":"post-31466","1":"product","2":"type-product","3":"status-publish","4":"has-post-thumbnail","6":"product_cat-crocifissi-in-legno","7":"product_cat-croci-crocifissi","8":"product_tag-croce","9":"product_tag-legno","10":"product_tag-san-damiano","12":"first","13":"instock","14":"shipping-taxable","15":"purchasable","16":"product-type-variable"},"acf":[],"yoast_head":"<!-- This site is optimized with the Yoast SEO plugin v21.7 - https:\/\/yoast.com\/wordpress\/plugins\/seo\/ -->\n<title>Croce San Damiano in legno | Galleria San Pietro Roma | Acquista Online<\/title>\n<meta name=\"description\" content=\"La Croce San Damiano, in legno e foglia d&#039;oro, \u00e8 un simbolo di fede e arte. Riflette la bellezza e la spiritualit\u00e0 della tradizione cristiana.\" \/>\n<meta name=\"robots\" content=\"index, follow, max-snippet:-1, max-image-preview:large, max-video-preview:-1\" \/>\n<link rel=\"canonical\" href=\"https:\/\/www.galleriasanpietro.com\/en\/crocifissi-in-legno\/croce-san-damiano-in-legno\/\" \/>\n<meta property=\"og:locale\" content=\"en_US\" \/>\n<meta property=\"og:type\" content=\"article\" \/>\n<meta property=\"og:title\" content=\"Croce San Damiano in legno | Galleria San Pietro Roma | Acquista Online\" \/>\n<meta property=\"og:description\" content=\"La Croce San Damiano, in legno e foglia d&#039;oro, \u00e8 un simbolo di fede e arte. Riflette la bellezza e la spiritualit\u00e0 della tradizione cristiana.\" \/>\n<meta property=\"og:url\" content=\"https:\/\/www.galleriasanpietro.com\/en\/crocifissi-in-legno\/croce-san-damiano-in-legno\/\" \/>\n<meta property=\"og:site_name\" content=\"Galleria San Pietro\" \/>\n<meta property=\"article:publisher\" content=\"https:\/\/www.facebook.com\/galleriasanpietroroma\/\" \/>\n<meta property=\"og:image\" content=\"https:\/\/www.galleriasanpietro.com\/wp-content\/uploads\/2024\/09\/PG_0521.jpg\" \/>\n\t<meta property=\"og:image:width\" content=\"1920\" \/>\n\t<meta property=\"og:image:height\" content=\"1920\" \/>\n\t<meta property=\"og:image:type\" content=\"image\/jpeg\" \/>\n<meta name=\"twitter:label1\" content=\"Est. reading time\" \/>\n\t<meta name=\"twitter:data1\" content=\"2 minutes\" \/>\n<script type=\"application\/ld+json\" class=\"yoast-schema-graph\">{\"@context\":\"https:\/\/schema.org\",\"@graph\":[{\"@type\":\"WebPage\",\"@id\":\"https:\/\/www.galleriasanpietro.com\/en\/crocifissi-in-legno\/croce-san-damiano-in-legno\/\",\"url\":\"https:\/\/www.galleriasanpietro.com\/en\/crocifissi-in-legno\/croce-san-damiano-in-legno\/\",\"name\":\"Croce San Damiano in legno | Galleria San Pietro Roma | Acquista Online\",\"isPartOf\":{\"@id\":\"https:\/\/www.galleriasanpietro.com\/en\/#website\"},\"datePublished\":\"2024-09-01T14:07:49+00:00\",\"dateModified\":\"2024-09-01T14:07:49+00:00\",\"description\":\"La Croce San Damiano, in legno e foglia d'oro, \u00e8 un simbolo di fede e arte. Riflette la bellezza e la spiritualit\u00e0 della tradizione cristiana.\",\"breadcrumb\":{\"@id\":\"https:\/\/www.galleriasanpietro.com\/en\/crocifissi-in-legno\/croce-san-damiano-in-legno\/#breadcrumb\"},\"inLanguage\":\"en-US\",\"potentialAction\":[{\"@type\":\"ReadAction\",\"target\":[\"https:\/\/www.galleriasanpietro.com\/en\/crocifissi-in-legno\/croce-san-damiano-in-legno\/\"]}]},{\"@type\":\"BreadcrumbList\",\"@id\":\"https:\/\/www.galleriasanpietro.com\/en\/crocifissi-in-legno\/croce-san-damiano-in-legno\/#breadcrumb\",\"itemListElement\":[{\"@type\":\"ListItem\",\"position\":1,\"name\":\"Home\",\"item\":\"https:\/\/www.galleriasanpietro.com\/en\/\"},{\"@type\":\"ListItem\",\"position\":2,\"name\":\"Our products\",\"item\":\"https:\/\/www.galleriasanpietro.com\/en\/products\/\"},{\"@type\":\"ListItem\",\"position\":3,\"name\":\"Croce San Damiano in legno\"}]},{\"@type\":\"WebSite\",\"@id\":\"https:\/\/www.galleriasanpietro.com\/en\/#website\",\"url\":\"https:\/\/www.galleriasanpietro.com\/en\/\",\"name\":\"Galleria San Pietro\",\"description\":\"Vendita articoli religiosi\",\"publisher\":{\"@id\":\"https:\/\/www.galleriasanpietro.com\/en\/#organization\"},\"potentialAction\":[{\"@type\":\"SearchAction\",\"target\":{\"@type\":\"EntryPoint\",\"urlTemplate\":\"https:\/\/www.galleriasanpietro.com\/en\/?s={search_term_string}\"},\"query-input\":\"required name=search_term_string\"}],\"inLanguage\":\"en-US\"},{\"@type\":\"Organization\",\"@id\":\"https:\/\/www.galleriasanpietro.com\/en\/#organization\",\"name\":\"Galleria San Pietro\",\"url\":\"https:\/\/www.galleriasanpietro.com\/en\/\",\"logo\":{\"@type\":\"ImageObject\",\"inLanguage\":\"en-US\",\"@id\":\"https:\/\/www.galleriasanpietro.com\/en\/#\/schema\/logo\/image\/\",\"url\":\"https:\/\/www.galleriasanpietro.com\/wp-content\/uploads\/2018\/03\/logo-san-pietro.png\",\"contentUrl\":\"https:\/\/www.galleriasanpietro.com\/wp-content\/uploads\/2018\/03\/logo-san-pietro.png\",\"width\":578,\"height\":128,\"caption\":\"Galleria San Pietro\"},\"image\":{\"@id\":\"https:\/\/www.galleriasanpietro.com\/en\/#\/schema\/logo\/image\/\"},\"sameAs\":[\"https:\/\/www.facebook.com\/galleriasanpietroroma\/\",\"https:\/\/www.instagram.com\/galleria_san_pietro\/\"]}]}<\/script>\n<!-- \/ Yoast SEO plugin. -->","yoast_head_json":{"title":"Croce San Damiano in legno | Galleria San Pietro Roma | Acquista Online","description":"La Croce San Damiano, in legno e foglia d'oro, \u00e8 un simbolo di fede e arte. Riflette la bellezza e la spiritualit\u00e0 della tradizione cristiana.","robots":{"index":"index","follow":"follow","max-snippet":"max-snippet:-1","max-image-preview":"max-image-preview:large","max-video-preview":"max-video-preview:-1"},"canonical":"https:\/\/www.galleriasanpietro.com\/en\/crocifissi-in-legno\/croce-san-damiano-in-legno\/","og_locale":"en_US","og_type":"article","og_title":"Croce San Damiano in legno | Galleria San Pietro Roma | Acquista Online","og_description":"La Croce San Damiano, in legno e foglia d'oro, \u00e8 un simbolo di fede e arte. Riflette la bellezza e la spiritualit\u00e0 della tradizione cristiana.","og_url":"https:\/\/www.galleriasanpietro.com\/en\/crocifissi-in-legno\/croce-san-damiano-in-legno\/","og_site_name":"Galleria San Pietro","article_publisher":"https:\/\/www.facebook.com\/galleriasanpietroroma\/","og_image":[{"width":1920,"height":1920,"url":"https:\/\/www.galleriasanpietro.com\/wp-content\/uploads\/2024\/09\/PG_0521.jpg","type":"image\/jpeg"}],"twitter_misc":{"Est. reading time":"2 minutes"},"schema":{"@context":"https:\/\/schema.org","@graph":[{"@type":"WebPage","@id":"https:\/\/www.galleriasanpietro.com\/en\/crocifissi-in-legno\/croce-san-damiano-in-legno\/","url":"https:\/\/www.galleriasanpietro.com\/en\/crocifissi-in-legno\/croce-san-damiano-in-legno\/","name":"Croce San Damiano in legno | Galleria San Pietro Roma | Acquista Online","isPartOf":{"@id":"https:\/\/www.galleriasanpietro.com\/en\/#website"},"datePublished":"2024-09-01T14:07:49+00:00","dateModified":"2024-09-01T14:07:49+00:00","description":"La Croce San Damiano, in legno e foglia d'oro, \u00e8 un simbolo di fede e arte. Riflette la bellezza e la spiritualit\u00e0 della tradizione cristiana.","breadcrumb":{"@id":"https:\/\/www.galleriasanpietro.com\/en\/crocifissi-in-legno\/croce-san-damiano-in-legno\/#breadcrumb"},"inLanguage":"en-US","potentialAction":[{"@type":"ReadAction","target":["https:\/\/www.galleriasanpietro.com\/en\/crocifissi-in-legno\/croce-san-damiano-in-legno\/"]}]},{"@type":"BreadcrumbList","@id":"https:\/\/www.galleriasanpietro.com\/en\/crocifissi-in-legno\/croce-san-damiano-in-legno\/#breadcrumb","itemListElement":[{"@type":"ListItem","position":1,"name":"Home","item":"https:\/\/www.galleriasanpietro.com\/en\/"},{"@type":"ListItem","position":2,"name":"Our products","item":"https:\/\/www.galleriasanpietro.com\/en\/products\/"},{"@type":"ListItem","position":3,"name":"Croce San Damiano in legno"}]},{"@type":"WebSite","@id":"https:\/\/www.galleriasanpietro.com\/en\/#website","url":"https:\/\/www.galleriasanpietro.com\/en\/","name":"Galleria San Pietro","description":"Vendita articoli religiosi","publisher":{"@id":"https:\/\/www.galleriasanpietro.com\/en\/#organization"},"potentialAction":[{"@type":"SearchAction","target":{"@type":"EntryPoint","urlTemplate":"https:\/\/www.galleriasanpietro.com\/en\/?s={search_term_string}"},"query-input":"required name=search_term_string"}],"inLanguage":"en-US"},{"@type":"Organization","@id":"https:\/\/www.galleriasanpietro.com\/en\/#organization","name":"Galleria San Pietro","url":"https:\/\/www.galleriasanpietro.com\/en\/","logo":{"@type":"ImageObject","inLanguage":"en-US","@id":"https:\/\/www.galleriasanpietro.com\/en\/#\/schema\/logo\/image\/","url":"https:\/\/www.galleriasanpietro.com\/wp-content\/uploads\/2018\/03\/logo-san-pietro.png","contentUrl":"https:\/\/www.galleriasanpietro.com\/wp-content\/uploads\/2018\/03\/logo-san-pietro.png","width":578,"height":128,"caption":"Galleria San Pietro"},"image":{"@id":"https:\/\/www.galleriasanpietro.com\/en\/#\/schema\/logo\/image\/"},"sameAs":["https:\/\/www.facebook.com\/galleriasanpietroroma\/","https:\/\/www.instagram.com\/galleria_san_pietro\/"]}]}},"_links":{"self":[{"href":"https:\/\/www.galleriasanpietro.com\/en\/wp-json\/wp\/v2\/product\/31466","targetHints":{"allow":["GET"]}}],"collection":[{"href":"https:\/\/www.galleriasanpietro.com\/en\/wp-json\/wp\/v2\/product"}],"about":[{"href":"https:\/\/www.galleriasanpietro.com\/en\/wp-json\/wp\/v2\/types\/product"}],"wp:featuredmedia":[{"embeddable":true,"href":"https:\/\/www.galleriasanpietro.com\/en\/wp-json\/wp\/v2\/media\/31467"}],"wp:attachment":[{"href":"https:\/\/www.galleriasanpietro.com\/en\/wp-json\/wp\/v2\/media?parent=31466"}],"wp:term":[{"taxonomy":"product_cat","embeddable":true,"href":"https:\/\/www.galleriasanpietro.com\/en\/wp-json\/wp\/v2\/product_cat?post=31466"},{"taxonomy":"product_tag","embeddable":true,"href":"https:\/\/www.galleriasanpietro.com\/en\/wp-json\/wp\/v2\/product_tag?post=31466"}],"curies":[{"name":"wp","href":"https:\/\/api.w.org\/{rel}","templated":true}]}}