{"id":30657,"date":"2024-08-11T14:52:04","date_gmt":"2024-08-11T12:52:04","guid":{"rendered":"https:\/\/www.galleriasanpietro.com\/?post_type=product&#038;p=30657"},"modified":"2025-01-05T11:08:50","modified_gmt":"2025-01-05T10:08:50","slug":"basetta-legno-dulivo","status":"publish","type":"product","link":"https:\/\/www.galleriasanpietro.com\/en\/statue-sacre\/basetta-legno-dulivo\/","title":{"rendered":"Basetta legno d&#8217;ulivo"},"content":{"rendered":"<p>La basetta religiosa in legno d&#8217;ulivo \u00e8 un&#8217;opera d&#8217;arte affascinante, che combina la bellezza della natura con la spiritualit\u00e0. Realizzata in legno d&#8217;ulivo, questo materiale \u00e8 noto non solo per la sua robustezza, ma anche per la sua bellezza intrinseca. Le venature calde e i toni dorati del legno evocano un senso di tranquillit\u00e0 e presenza divina. Ogni pezzo \u00e8 unico, poich\u00e9 il legno d\u2019ulivo presenta variazioni naturali che raccontano storie di secoli di meditazioni e devozione.<\/p>\n<p>Sopra questa raffinata base in legno, si erge una figura in argento che cattura immediatamente l&#8217;attenzione. L&#8217;argento, con il suo lucido riflesso, aggiunge una dimensione di luminosit\u00e0 e sacralit\u00e0 all&#8217;oggetto. La scelta di questo metallo prezioso simboleggia non solo la purezza, ma anche la connessione tra il terreno e il divino. La figura in argento, che potrebbe rappresentare un santo, un angelo o una scena biblica, \u00e8 finemente lavorata, con dettagli che risaltano grazie alla sapiente arte dell\u2019orafo.<\/p>\n<p>La luce che si riflette sulla superficie argentata crea un effetto di chiaroscuro, dando vita alla figura e permettendo a chiunque la osservi di intraprendere un viaggio interiore. Posta su un altarino o su una mensola, questa basetta diventa non solo un oggetto decorativo, ma anche un punto di riferimento spirituale, invitando alla contemplazione e alla preghiera.<\/p>\n<p>In sintesi, la fusione di legno d&#8217;ulivo e argento rende questa basetta religiosa un pezzo straordinario che parla di tradizione, fede e bellezza, un oggetto in grado di arricchire ogni ambiente domestico con la sua presenza evocativa.<\/p>\n<ul>\n<li>scopri altri articoli <a href=\"https:\/\/www.galleriasanpietro.com\/rosari\/\">qui\u00a0<\/a><\/li>\n<li>seguici su Instagram <a href=\"https:\/\/www.instagram.com\/galleria_san_pietro\/\">qui\u00a0<\/a><\/li>\n<\/ul>\n","protected":false},"excerpt":{"rendered":"<p>Basetta Singola Legno Ulivo Placca Argento<\/p>\n","protected":false},"featured_media":30658,"template":"","meta":[],"product_cat":[290],"product_tag":[658,657,613,659],"class_list":{"0":"post-30657","1":"product","2":"type-product","3":"status-publish","4":"has-post-thumbnail","6":"product_cat-statue-sacre","7":"product_tag-carmelo","8":"product_tag-gesu","9":"product_tag-legno","10":"product_tag-milagrosa","12":"first","13":"instock","14":"shipping-taxable","15":"purchasable","16":"product-type-variable"},"acf":[],"yoast_head":"<!-- This site is optimized with the Yoast SEO plugin v21.7 - https:\/\/yoast.com\/wordpress\/plugins\/seo\/ -->\n<title>Basetta legno d&#039;ulivo | Galleria San Pietro<\/title>\n<meta name=\"description\" content=\"&quot;Elegante basetta in legno e argento, perfetta per esporre opere d&#039;arte o oggetti preziosi. Un complemento d&#039;arredo raffinato e unico.&quot;\" \/>\n<meta name=\"robots\" content=\"index, follow, max-snippet:-1, max-image-preview:large, max-video-preview:-1\" \/>\n<link rel=\"canonical\" href=\"https:\/\/www.galleriasanpietro.com\/en\/statue-sacre\/basetta-legno-dulivo\/\" \/>\n<meta property=\"og:locale\" content=\"en_US\" \/>\n<meta property=\"og:type\" content=\"article\" \/>\n<meta property=\"og:title\" content=\"Basetta legno d&#039;ulivo | Galleria San Pietro\" \/>\n<meta property=\"og:description\" content=\"&quot;Elegante basetta in legno e argento, perfetta per esporre opere d&#039;arte o oggetti preziosi. Un complemento d&#039;arredo raffinato e unico.&quot;\" \/>\n<meta property=\"og:url\" content=\"https:\/\/www.galleriasanpietro.com\/en\/statue-sacre\/basetta-legno-dulivo\/\" \/>\n<meta property=\"og:site_name\" content=\"Galleria San Pietro\" \/>\n<meta property=\"article:publisher\" content=\"https:\/\/www.facebook.com\/galleriasanpietroroma\/\" \/>\n<meta property=\"article:modified_time\" content=\"2025-01-05T10:08:50+00:00\" \/>\n<meta property=\"og:image\" content=\"https:\/\/www.galleriasanpietro.com\/wp-content\/uploads\/2024\/08\/C_158.MC1_.jpg\" \/>\n\t<meta property=\"og:image:width\" content=\"1920\" \/>\n\t<meta property=\"og:image:height\" content=\"1920\" \/>\n\t<meta property=\"og:image:type\" content=\"image\/jpeg\" \/>\n<meta name=\"twitter:label1\" content=\"Est. reading time\" \/>\n\t<meta name=\"twitter:data1\" content=\"2 minutes\" \/>\n<script type=\"application\/ld+json\" class=\"yoast-schema-graph\">{\"@context\":\"https:\/\/schema.org\",\"@graph\":[{\"@type\":\"WebPage\",\"@id\":\"https:\/\/www.galleriasanpietro.com\/en\/statue-sacre\/basetta-legno-dulivo\/\",\"url\":\"https:\/\/www.galleriasanpietro.com\/en\/statue-sacre\/basetta-legno-dulivo\/\",\"name\":\"Basetta legno d'ulivo | Galleria San Pietro\",\"isPartOf\":{\"@id\":\"https:\/\/www.galleriasanpietro.com\/en\/#website\"},\"datePublished\":\"2024-08-11T12:52:04+00:00\",\"dateModified\":\"2025-01-05T10:08:50+00:00\",\"description\":\"\\\"Elegante basetta in legno e argento, perfetta per esporre opere d'arte o oggetti preziosi. Un complemento d'arredo raffinato e unico.\\\"\",\"breadcrumb\":{\"@id\":\"https:\/\/www.galleriasanpietro.com\/en\/statue-sacre\/basetta-legno-dulivo\/#breadcrumb\"},\"inLanguage\":\"en-US\",\"potentialAction\":[{\"@type\":\"ReadAction\",\"target\":[\"https:\/\/www.galleriasanpietro.com\/en\/statue-sacre\/basetta-legno-dulivo\/\"]}]},{\"@type\":\"BreadcrumbList\",\"@id\":\"https:\/\/www.galleriasanpietro.com\/en\/statue-sacre\/basetta-legno-dulivo\/#breadcrumb\",\"itemListElement\":[{\"@type\":\"ListItem\",\"position\":1,\"name\":\"Home\",\"item\":\"https:\/\/www.galleriasanpietro.com\/en\/\"},{\"@type\":\"ListItem\",\"position\":2,\"name\":\"Our products\",\"item\":\"https:\/\/www.galleriasanpietro.com\/en\/products\/\"},{\"@type\":\"ListItem\",\"position\":3,\"name\":\"Basetta legno d&#8217;ulivo\"}]},{\"@type\":\"WebSite\",\"@id\":\"https:\/\/www.galleriasanpietro.com\/en\/#website\",\"url\":\"https:\/\/www.galleriasanpietro.com\/en\/\",\"name\":\"Galleria San Pietro\",\"description\":\"Vendita articoli religiosi\",\"publisher\":{\"@id\":\"https:\/\/www.galleriasanpietro.com\/en\/#organization\"},\"potentialAction\":[{\"@type\":\"SearchAction\",\"target\":{\"@type\":\"EntryPoint\",\"urlTemplate\":\"https:\/\/www.galleriasanpietro.com\/en\/?s={search_term_string}\"},\"query-input\":\"required name=search_term_string\"}],\"inLanguage\":\"en-US\"},{\"@type\":\"Organization\",\"@id\":\"https:\/\/www.galleriasanpietro.com\/en\/#organization\",\"name\":\"Galleria San Pietro\",\"url\":\"https:\/\/www.galleriasanpietro.com\/en\/\",\"logo\":{\"@type\":\"ImageObject\",\"inLanguage\":\"en-US\",\"@id\":\"https:\/\/www.galleriasanpietro.com\/en\/#\/schema\/logo\/image\/\",\"url\":\"https:\/\/www.galleriasanpietro.com\/wp-content\/uploads\/2018\/03\/logo-san-pietro.png\",\"contentUrl\":\"https:\/\/www.galleriasanpietro.com\/wp-content\/uploads\/2018\/03\/logo-san-pietro.png\",\"width\":578,\"height\":128,\"caption\":\"Galleria San Pietro\"},\"image\":{\"@id\":\"https:\/\/www.galleriasanpietro.com\/en\/#\/schema\/logo\/image\/\"},\"sameAs\":[\"https:\/\/www.facebook.com\/galleriasanpietroroma\/\",\"https:\/\/www.instagram.com\/galleria_san_pietro\/\"]}]}<\/script>\n<!-- \/ Yoast SEO plugin. -->","yoast_head_json":{"title":"Basetta legno d'ulivo | Galleria San Pietro","description":"\"Elegante basetta in legno e argento, perfetta per esporre opere d'arte o oggetti preziosi. Un complemento d'arredo raffinato e unico.\"","robots":{"index":"index","follow":"follow","max-snippet":"max-snippet:-1","max-image-preview":"max-image-preview:large","max-video-preview":"max-video-preview:-1"},"canonical":"https:\/\/www.galleriasanpietro.com\/en\/statue-sacre\/basetta-legno-dulivo\/","og_locale":"en_US","og_type":"article","og_title":"Basetta legno d'ulivo | Galleria San Pietro","og_description":"\"Elegante basetta in legno e argento, perfetta per esporre opere d'arte o oggetti preziosi. Un complemento d'arredo raffinato e unico.\"","og_url":"https:\/\/www.galleriasanpietro.com\/en\/statue-sacre\/basetta-legno-dulivo\/","og_site_name":"Galleria San Pietro","article_publisher":"https:\/\/www.facebook.com\/galleriasanpietroroma\/","article_modified_time":"2025-01-05T10:08:50+00:00","og_image":[{"width":1920,"height":1920,"url":"https:\/\/www.galleriasanpietro.com\/wp-content\/uploads\/2024\/08\/C_158.MC1_.jpg","type":"image\/jpeg"}],"twitter_misc":{"Est. reading time":"2 minutes"},"schema":{"@context":"https:\/\/schema.org","@graph":[{"@type":"WebPage","@id":"https:\/\/www.galleriasanpietro.com\/en\/statue-sacre\/basetta-legno-dulivo\/","url":"https:\/\/www.galleriasanpietro.com\/en\/statue-sacre\/basetta-legno-dulivo\/","name":"Basetta legno d'ulivo | Galleria San Pietro","isPartOf":{"@id":"https:\/\/www.galleriasanpietro.com\/en\/#website"},"datePublished":"2024-08-11T12:52:04+00:00","dateModified":"2025-01-05T10:08:50+00:00","description":"\"Elegante basetta in legno e argento, perfetta per esporre opere d'arte o oggetti preziosi. Un complemento d'arredo raffinato e unico.\"","breadcrumb":{"@id":"https:\/\/www.galleriasanpietro.com\/en\/statue-sacre\/basetta-legno-dulivo\/#breadcrumb"},"inLanguage":"en-US","potentialAction":[{"@type":"ReadAction","target":["https:\/\/www.galleriasanpietro.com\/en\/statue-sacre\/basetta-legno-dulivo\/"]}]},{"@type":"BreadcrumbList","@id":"https:\/\/www.galleriasanpietro.com\/en\/statue-sacre\/basetta-legno-dulivo\/#breadcrumb","itemListElement":[{"@type":"ListItem","position":1,"name":"Home","item":"https:\/\/www.galleriasanpietro.com\/en\/"},{"@type":"ListItem","position":2,"name":"Our products","item":"https:\/\/www.galleriasanpietro.com\/en\/products\/"},{"@type":"ListItem","position":3,"name":"Basetta legno d&#8217;ulivo"}]},{"@type":"WebSite","@id":"https:\/\/www.galleriasanpietro.com\/en\/#website","url":"https:\/\/www.galleriasanpietro.com\/en\/","name":"Galleria San Pietro","description":"Vendita articoli religiosi","publisher":{"@id":"https:\/\/www.galleriasanpietro.com\/en\/#organization"},"potentialAction":[{"@type":"SearchAction","target":{"@type":"EntryPoint","urlTemplate":"https:\/\/www.galleriasanpietro.com\/en\/?s={search_term_string}"},"query-input":"required name=search_term_string"}],"inLanguage":"en-US"},{"@type":"Organization","@id":"https:\/\/www.galleriasanpietro.com\/en\/#organization","name":"Galleria San Pietro","url":"https:\/\/www.galleriasanpietro.com\/en\/","logo":{"@type":"ImageObject","inLanguage":"en-US","@id":"https:\/\/www.galleriasanpietro.com\/en\/#\/schema\/logo\/image\/","url":"https:\/\/www.galleriasanpietro.com\/wp-content\/uploads\/2018\/03\/logo-san-pietro.png","contentUrl":"https:\/\/www.galleriasanpietro.com\/wp-content\/uploads\/2018\/03\/logo-san-pietro.png","width":578,"height":128,"caption":"Galleria San Pietro"},"image":{"@id":"https:\/\/www.galleriasanpietro.com\/en\/#\/schema\/logo\/image\/"},"sameAs":["https:\/\/www.facebook.com\/galleriasanpietroroma\/","https:\/\/www.instagram.com\/galleria_san_pietro\/"]}]}},"_links":{"self":[{"href":"https:\/\/www.galleriasanpietro.com\/en\/wp-json\/wp\/v2\/product\/30657","targetHints":{"allow":["GET"]}}],"collection":[{"href":"https:\/\/www.galleriasanpietro.com\/en\/wp-json\/wp\/v2\/product"}],"about":[{"href":"https:\/\/www.galleriasanpietro.com\/en\/wp-json\/wp\/v2\/types\/product"}],"wp:featuredmedia":[{"embeddable":true,"href":"https:\/\/www.galleriasanpietro.com\/en\/wp-json\/wp\/v2\/media\/30658"}],"wp:attachment":[{"href":"https:\/\/www.galleriasanpietro.com\/en\/wp-json\/wp\/v2\/media?parent=30657"}],"wp:term":[{"taxonomy":"product_cat","embeddable":true,"href":"https:\/\/www.galleriasanpietro.com\/en\/wp-json\/wp\/v2\/product_cat?post=30657"},{"taxonomy":"product_tag","embeddable":true,"href":"https:\/\/www.galleriasanpietro.com\/en\/wp-json\/wp\/v2\/product_tag?post=30657"}],"curies":[{"name":"wp","href":"https:\/\/api.w.org\/{rel}","templated":true}]}}