{"id":20631,"date":"2020-11-25T12:05:29","date_gmt":"2020-11-25T11:05:29","guid":{"rendered":"https:\/\/www.galleriasanpietro.com\/?post_type=product&#038;p=20631"},"modified":"2024-11-28T17:38:50","modified_gmt":"2024-11-28T16:38:50","slug":"madonna-ausiliatrice","status":"publish","type":"product","link":"https:\/\/www.galleriasanpietro.com\/en\/statue-sacre\/madonna-ausiliatrice\/","title":{"rendered":"Statua Santa Maria Ausiliatrice"},"content":{"rendered":"<p>Statua Santa Maria Ausiliatrice\u00a0\u00e8 un&#8217;opera religiosa di grande significato e bellezza, venerata in molte chiese e santuari dedicati alla Madonna. Realizzata in vari materiali, come legno, marmo o bronzo, questa statua rappresenta la Vergine Maria in un momento di grande tenerezza e protezione.<\/p>\n<p>Nella sua iconografia, Santa Maria Ausiliatrice \u00e8 frequentemente raffigurata con il Bambino Ges\u00f9 tra le braccia, simbolo di amore materno e guida spirituale. Maria \u00e8 solitamente ritratta con un manto blu, che rappresenta la sua purezza e il cielo, e una tunica rossa, simbolo di vita e passione. La sua espressione \u00e8 dolce e rassicurante, emanando un senso di calma e protezione per i fedeli che si avvicinano a lei.<\/p>\n<p>Un elemento distintivo della statua \u00e8 il suo atteggiamento accogliente e rassicurante. Spesso, Maria \u00e8 rappresentata con le braccia aperte, come se volesse abbracciare e accogliere tutti coloro che si rivolgono a lei in preghiera. Questa postura simboleggia la sua disponibilit\u00e0 nell&#8217;offrire conforto e aiuto a chi si trova in difficolt\u00e0, rendendola una figura centrale nella spiritualit\u00e0 cattolica.<\/p>\n<p>La devozione a Santa Maria Ausiliatrice \u00e8 particolarmente forte tra i membri della Congregazione Salesiana, fondata da San Giovanni Bosco, il quale volle che Maria fosse invocata come Ausiliatrice per offrire sostegno e protezione ai giovani e agli educatori. Ogni anno, il 24 maggio, si celebra la festa di Santa Maria Ausiliatrice, durante la quale i fedeli rendono omaggio alla statua con processioni, preghiere e momenti di riflessione.<\/p>\n<p>In molte comunit\u00e0, la statua di Santa Maria Ausiliatrice diventa un punto di riferimento spirituale e culturale, rappresentando la viva presenza materna della Madonna nella vita quotidiana dei credenti.<\/p>\n<ul>\n<li>seguici anche su <a href=\"https:\/\/www.facebook.com\/galleriasanpietroroma\/\">facebook<\/a><\/li>\n<li>per altre statue guarda <a href=\"https:\/\/www.galleriasanpietro.com\/statue-sacre\/statue-in-resina\/\">qui<\/a><\/li>\n<\/ul>\n","protected":false},"excerpt":{"rendered":"<p>Madonna Ausiliatrice in Porcellana<\/p>\n","protected":false},"featured_media":20637,"template":"","meta":[],"product_cat":[290],"product_tag":[],"class_list":{"0":"post-20631","1":"product","2":"type-product","3":"status-publish","4":"has-post-thumbnail","6":"product_cat-statue-sacre","8":"first","9":"instock","10":"shipping-taxable","11":"purchasable","12":"product-type-simple"},"acf":[],"yoast_head":"<!-- This site is optimized with the Yoast SEO plugin v21.7 - https:\/\/yoast.com\/wordpress\/plugins\/seo\/ -->\n<title>Statua Santa Maria Ausiliatrice | Galleria San Pietro<\/title>\n<meta name=\"description\" content=\"Scopri la statua di Santa Maria Ausiliatrice, simbolo di protezione e amore, che ispira fede e devozione in ogni cuore\" \/>\n<meta name=\"robots\" content=\"index, follow, max-snippet:-1, max-image-preview:large, max-video-preview:-1\" \/>\n<link rel=\"canonical\" href=\"https:\/\/www.galleriasanpietro.com\/en\/statue-sacre\/madonna-ausiliatrice\/\" \/>\n<meta property=\"og:locale\" content=\"en_US\" \/>\n<meta property=\"og:type\" content=\"article\" \/>\n<meta property=\"og:title\" content=\"Statua Santa Maria Ausiliatrice | Galleria San Pietro\" \/>\n<meta property=\"og:description\" content=\"Scopri la statua di Santa Maria Ausiliatrice, simbolo di protezione e amore, che ispira fede e devozione in ogni cuore\" \/>\n<meta property=\"og:url\" content=\"https:\/\/www.galleriasanpietro.com\/en\/statue-sacre\/madonna-ausiliatrice\/\" \/>\n<meta property=\"og:site_name\" content=\"Galleria San Pietro\" \/>\n<meta property=\"article:publisher\" content=\"https:\/\/www.facebook.com\/galleriasanpietroroma\/\" \/>\n<meta property=\"article:modified_time\" content=\"2024-11-28T16:38:50+00:00\" \/>\n<meta property=\"og:image\" content=\"https:\/\/www.galleriasanpietro.com\/wp-content\/uploads\/2020\/11\/ST950.jpg\" \/>\n\t<meta property=\"og:image:width\" content=\"600\" \/>\n\t<meta property=\"og:image:height\" content=\"800\" \/>\n\t<meta property=\"og:image:type\" content=\"image\/jpeg\" \/>\n<meta name=\"twitter:label1\" content=\"Est. reading time\" \/>\n\t<meta name=\"twitter:data1\" content=\"2 minutes\" \/>\n<script type=\"application\/ld+json\" class=\"yoast-schema-graph\">{\"@context\":\"https:\/\/schema.org\",\"@graph\":[{\"@type\":\"WebPage\",\"@id\":\"https:\/\/www.galleriasanpietro.com\/en\/statue-sacre\/madonna-ausiliatrice\/\",\"url\":\"https:\/\/www.galleriasanpietro.com\/en\/statue-sacre\/madonna-ausiliatrice\/\",\"name\":\"Statua Santa Maria Ausiliatrice | Galleria San Pietro\",\"isPartOf\":{\"@id\":\"https:\/\/www.galleriasanpietro.com\/en\/#website\"},\"datePublished\":\"2020-11-25T11:05:29+00:00\",\"dateModified\":\"2024-11-28T16:38:50+00:00\",\"description\":\"Scopri la statua di Santa Maria Ausiliatrice, simbolo di protezione e amore, che ispira fede e devozione in ogni cuore\",\"breadcrumb\":{\"@id\":\"https:\/\/www.galleriasanpietro.com\/en\/statue-sacre\/madonna-ausiliatrice\/#breadcrumb\"},\"inLanguage\":\"en-US\",\"potentialAction\":[{\"@type\":\"ReadAction\",\"target\":[\"https:\/\/www.galleriasanpietro.com\/en\/statue-sacre\/madonna-ausiliatrice\/\"]}]},{\"@type\":\"BreadcrumbList\",\"@id\":\"https:\/\/www.galleriasanpietro.com\/en\/statue-sacre\/madonna-ausiliatrice\/#breadcrumb\",\"itemListElement\":[{\"@type\":\"ListItem\",\"position\":1,\"name\":\"Home\",\"item\":\"https:\/\/www.galleriasanpietro.com\/en\/\"},{\"@type\":\"ListItem\",\"position\":2,\"name\":\"Our products\",\"item\":\"https:\/\/www.galleriasanpietro.com\/en\/products\/\"},{\"@type\":\"ListItem\",\"position\":3,\"name\":\"Statua Santa Maria Ausiliatrice\"}]},{\"@type\":\"WebSite\",\"@id\":\"https:\/\/www.galleriasanpietro.com\/en\/#website\",\"url\":\"https:\/\/www.galleriasanpietro.com\/en\/\",\"name\":\"Galleria San Pietro\",\"description\":\"Vendita articoli religiosi\",\"publisher\":{\"@id\":\"https:\/\/www.galleriasanpietro.com\/en\/#organization\"},\"potentialAction\":[{\"@type\":\"SearchAction\",\"target\":{\"@type\":\"EntryPoint\",\"urlTemplate\":\"https:\/\/www.galleriasanpietro.com\/en\/?s={search_term_string}\"},\"query-input\":\"required name=search_term_string\"}],\"inLanguage\":\"en-US\"},{\"@type\":\"Organization\",\"@id\":\"https:\/\/www.galleriasanpietro.com\/en\/#organization\",\"name\":\"Galleria San Pietro\",\"url\":\"https:\/\/www.galleriasanpietro.com\/en\/\",\"logo\":{\"@type\":\"ImageObject\",\"inLanguage\":\"en-US\",\"@id\":\"https:\/\/www.galleriasanpietro.com\/en\/#\/schema\/logo\/image\/\",\"url\":\"https:\/\/www.galleriasanpietro.com\/wp-content\/uploads\/2018\/03\/logo-san-pietro.png\",\"contentUrl\":\"https:\/\/www.galleriasanpietro.com\/wp-content\/uploads\/2018\/03\/logo-san-pietro.png\",\"width\":578,\"height\":128,\"caption\":\"Galleria San Pietro\"},\"image\":{\"@id\":\"https:\/\/www.galleriasanpietro.com\/en\/#\/schema\/logo\/image\/\"},\"sameAs\":[\"https:\/\/www.facebook.com\/galleriasanpietroroma\/\",\"https:\/\/www.instagram.com\/galleria_san_pietro\/\"]}]}<\/script>\n<!-- \/ Yoast SEO plugin. -->","yoast_head_json":{"title":"Statua Santa Maria Ausiliatrice | Galleria San Pietro","description":"Scopri la statua di Santa Maria Ausiliatrice, simbolo di protezione e amore, che ispira fede e devozione in ogni cuore","robots":{"index":"index","follow":"follow","max-snippet":"max-snippet:-1","max-image-preview":"max-image-preview:large","max-video-preview":"max-video-preview:-1"},"canonical":"https:\/\/www.galleriasanpietro.com\/en\/statue-sacre\/madonna-ausiliatrice\/","og_locale":"en_US","og_type":"article","og_title":"Statua Santa Maria Ausiliatrice | Galleria San Pietro","og_description":"Scopri la statua di Santa Maria Ausiliatrice, simbolo di protezione e amore, che ispira fede e devozione in ogni cuore","og_url":"https:\/\/www.galleriasanpietro.com\/en\/statue-sacre\/madonna-ausiliatrice\/","og_site_name":"Galleria San Pietro","article_publisher":"https:\/\/www.facebook.com\/galleriasanpietroroma\/","article_modified_time":"2024-11-28T16:38:50+00:00","og_image":[{"width":600,"height":800,"url":"https:\/\/www.galleriasanpietro.com\/wp-content\/uploads\/2020\/11\/ST950.jpg","type":"image\/jpeg"}],"twitter_misc":{"Est. reading time":"2 minutes"},"schema":{"@context":"https:\/\/schema.org","@graph":[{"@type":"WebPage","@id":"https:\/\/www.galleriasanpietro.com\/en\/statue-sacre\/madonna-ausiliatrice\/","url":"https:\/\/www.galleriasanpietro.com\/en\/statue-sacre\/madonna-ausiliatrice\/","name":"Statua Santa Maria Ausiliatrice | Galleria San Pietro","isPartOf":{"@id":"https:\/\/www.galleriasanpietro.com\/en\/#website"},"datePublished":"2020-11-25T11:05:29+00:00","dateModified":"2024-11-28T16:38:50+00:00","description":"Scopri la statua di Santa Maria Ausiliatrice, simbolo di protezione e amore, che ispira fede e devozione in ogni cuore","breadcrumb":{"@id":"https:\/\/www.galleriasanpietro.com\/en\/statue-sacre\/madonna-ausiliatrice\/#breadcrumb"},"inLanguage":"en-US","potentialAction":[{"@type":"ReadAction","target":["https:\/\/www.galleriasanpietro.com\/en\/statue-sacre\/madonna-ausiliatrice\/"]}]},{"@type":"BreadcrumbList","@id":"https:\/\/www.galleriasanpietro.com\/en\/statue-sacre\/madonna-ausiliatrice\/#breadcrumb","itemListElement":[{"@type":"ListItem","position":1,"name":"Home","item":"https:\/\/www.galleriasanpietro.com\/en\/"},{"@type":"ListItem","position":2,"name":"Our products","item":"https:\/\/www.galleriasanpietro.com\/en\/products\/"},{"@type":"ListItem","position":3,"name":"Statua Santa Maria Ausiliatrice"}]},{"@type":"WebSite","@id":"https:\/\/www.galleriasanpietro.com\/en\/#website","url":"https:\/\/www.galleriasanpietro.com\/en\/","name":"Galleria San Pietro","description":"Vendita articoli religiosi","publisher":{"@id":"https:\/\/www.galleriasanpietro.com\/en\/#organization"},"potentialAction":[{"@type":"SearchAction","target":{"@type":"EntryPoint","urlTemplate":"https:\/\/www.galleriasanpietro.com\/en\/?s={search_term_string}"},"query-input":"required name=search_term_string"}],"inLanguage":"en-US"},{"@type":"Organization","@id":"https:\/\/www.galleriasanpietro.com\/en\/#organization","name":"Galleria San Pietro","url":"https:\/\/www.galleriasanpietro.com\/en\/","logo":{"@type":"ImageObject","inLanguage":"en-US","@id":"https:\/\/www.galleriasanpietro.com\/en\/#\/schema\/logo\/image\/","url":"https:\/\/www.galleriasanpietro.com\/wp-content\/uploads\/2018\/03\/logo-san-pietro.png","contentUrl":"https:\/\/www.galleriasanpietro.com\/wp-content\/uploads\/2018\/03\/logo-san-pietro.png","width":578,"height":128,"caption":"Galleria San Pietro"},"image":{"@id":"https:\/\/www.galleriasanpietro.com\/en\/#\/schema\/logo\/image\/"},"sameAs":["https:\/\/www.facebook.com\/galleriasanpietroroma\/","https:\/\/www.instagram.com\/galleria_san_pietro\/"]}]}},"_links":{"self":[{"href":"https:\/\/www.galleriasanpietro.com\/en\/wp-json\/wp\/v2\/product\/20631","targetHints":{"allow":["GET"]}}],"collection":[{"href":"https:\/\/www.galleriasanpietro.com\/en\/wp-json\/wp\/v2\/product"}],"about":[{"href":"https:\/\/www.galleriasanpietro.com\/en\/wp-json\/wp\/v2\/types\/product"}],"wp:featuredmedia":[{"embeddable":true,"href":"https:\/\/www.galleriasanpietro.com\/en\/wp-json\/wp\/v2\/media\/20637"}],"wp:attachment":[{"href":"https:\/\/www.galleriasanpietro.com\/en\/wp-json\/wp\/v2\/media?parent=20631"}],"wp:term":[{"taxonomy":"product_cat","embeddable":true,"href":"https:\/\/www.galleriasanpietro.com\/en\/wp-json\/wp\/v2\/product_cat?post=20631"},{"taxonomy":"product_tag","embeddable":true,"href":"https:\/\/www.galleriasanpietro.com\/en\/wp-json\/wp\/v2\/product_tag?post=20631"}],"curies":[{"name":"wp","href":"https:\/\/api.w.org\/{rel}","templated":true}]}}