{"id":19462,"date":"2020-10-31T15:40:50","date_gmt":"2020-10-31T14:40:50","guid":{"rendered":"https:\/\/www.galleriasanpietro.com\/?post_type=product&#038;p=19462"},"modified":"2026-01-15T15:38:44","modified_gmt":"2026-01-15T14:38:44","slug":"medaglia-san-gennaro-in-metallo","status":"publish","type":"product","link":"https:\/\/www.galleriasanpietro.com\/en\/medaglie-sacre\/medaglia-san-gennaro-in-metallo\/","title":{"rendered":"Medaglia San Gennaro in metallo"},"content":{"rendered":"<p>La Medaglia di San Gennaro \u00e8 un oggetto di grande rilevanza spirituale e culturale, molto apprezzata dai devoti del santo patrono di Napoli. Realizzata in metallo, questa medaglia spesso presenta un design elaborato che racchiude simboli di protezione e fede. La figura di San Gennaro, che tradizionalmente viene rappresentata con il vescovato e il cappello, \u00e8 solitamente incisa su un lato, mentre sull&#8217;altro lato possono apparire diverse iscrizioni o simboli religiosi, come croci o santi.<\/p>\n<p>Le dimensioni della medaglia possono variare, ma solitamente \u00e8 abbastanza piccola da poter essere indossata come ciondolo o portata in tasca. La scelta del metallo, che pu\u00f2 includere ottone, argento o addirittura oro, conferisce alla medaglia un significato ulteriore. I materiali pi\u00f9 pregiati sono spesso riservati per occasioni speciali o per i devoti pi\u00f9 devoti.<\/p>\n<p>L&#8217;uso della medaglia \u00e8 molto diffuso tra i napoletani e non solo: essa \u00e8 vista come un talismano di protezione, un modo per invocare l&#8217;intercessione di San Gennaro nelle difficolt\u00e0 quotidiane. Durante le celebrazioni in onore del santo, come la famosa festa di settembre, molti fedeli indossano la medaglia con orgoglio, testimoniando cos\u00ec la loro devozione.<\/p>\n<p>Inoltre, la medaglia di San Gennaro \u00e8 spesso regalata in occasioni significative, come battesimi, cresime o matrimoni, simboleggiando un augurio di benedizione e protezione per la persona che la riceve. La sua presenza nel panorama culturale napoletano la rende non solo un oggetto religioso, ma anche un simbolo di identit\u00e0 e appartenenza alla comunit\u00e0. In questo modo, la Medaglia di San Gennaro continua a essere un elemento significativo della spiritualit\u00e0 e della tradizione napoletana.<\/p>\n<ul>\n<li>scopri altre medaglie<a href=\"https:\/\/www.galleriasanpietro.com\/medaglie-e-croci\/medaglie-sacre\/\"> qui<\/a><\/li>\n<li>seguici su <a href=\"https:\/\/www.instagram.com\/galleria_san_pietro\/\">instagram\u00a0<\/a><\/li>\n<\/ul>\n","protected":false},"excerpt":{"rendered":"<p>Medaglia San Gennaro in metallo color argento<\/p>\n","protected":false},"featured_media":19463,"template":"","meta":[],"product_cat":[264],"product_tag":[],"class_list":{"0":"post-19462","1":"product","2":"type-product","3":"status-publish","4":"has-post-thumbnail","6":"product_cat-medaglie-sacre","8":"first","9":"outofstock","10":"shipping-taxable","11":"purchasable","12":"product-type-simple"},"acf":[],"yoast_head":"<!-- This site is optimized with the Yoast SEO plugin v21.7 - https:\/\/yoast.com\/wordpress\/plugins\/seo\/ -->\n<title>Medaglia San Gennaro in metallo | Galleria San Pietro Roma | Compra ora<\/title>\n<meta name=\"description\" content=\"Scopri la Medaglia San Gennaro in metallo, un simbolo di fede e protezione, perfetta da portare sempre con te per sentirti al sicuro.\" \/>\n<meta name=\"robots\" content=\"index, follow, max-snippet:-1, max-image-preview:large, max-video-preview:-1\" \/>\n<link rel=\"canonical\" href=\"https:\/\/www.galleriasanpietro.com\/en\/medaglie-sacre\/medaglia-san-gennaro-in-metallo\/\" \/>\n<meta property=\"og:locale\" content=\"en_US\" \/>\n<meta property=\"og:type\" content=\"article\" \/>\n<meta property=\"og:title\" content=\"Medaglia San Gennaro in metallo | Galleria San Pietro Roma | Compra ora\" \/>\n<meta property=\"og:description\" content=\"Scopri la Medaglia San Gennaro in metallo, un simbolo di fede e protezione, perfetta da portare sempre con te per sentirti al sicuro.\" \/>\n<meta property=\"og:url\" content=\"https:\/\/www.galleriasanpietro.com\/en\/medaglie-sacre\/medaglia-san-gennaro-in-metallo\/\" \/>\n<meta property=\"og:site_name\" content=\"Galleria San Pietro\" \/>\n<meta property=\"article:publisher\" content=\"https:\/\/www.facebook.com\/galleriasanpietroroma\/\" \/>\n<meta property=\"article:modified_time\" content=\"2026-01-15T14:38:44+00:00\" \/>\n<meta property=\"og:image\" content=\"https:\/\/www.galleriasanpietro.com\/wp-content\/uploads\/2020\/10\/San-Gennaro-MD0035.jpg\" \/>\n\t<meta property=\"og:image:width\" content=\"600\" \/>\n\t<meta property=\"og:image:height\" content=\"800\" \/>\n\t<meta property=\"og:image:type\" content=\"image\/jpeg\" \/>\n<meta name=\"twitter:label1\" content=\"Est. reading time\" \/>\n\t<meta name=\"twitter:data1\" content=\"2 minutes\" \/>\n<script type=\"application\/ld+json\" class=\"yoast-schema-graph\">{\"@context\":\"https:\/\/schema.org\",\"@graph\":[{\"@type\":\"WebPage\",\"@id\":\"https:\/\/www.galleriasanpietro.com\/en\/medaglie-sacre\/medaglia-san-gennaro-in-metallo\/\",\"url\":\"https:\/\/www.galleriasanpietro.com\/en\/medaglie-sacre\/medaglia-san-gennaro-in-metallo\/\",\"name\":\"Medaglia San Gennaro in metallo | Galleria San Pietro Roma | Compra ora\",\"isPartOf\":{\"@id\":\"https:\/\/www.galleriasanpietro.com\/en\/#website\"},\"datePublished\":\"2020-10-31T14:40:50+00:00\",\"dateModified\":\"2026-01-15T14:38:44+00:00\",\"description\":\"Scopri la Medaglia San Gennaro in metallo, un simbolo di fede e protezione, perfetta da portare sempre con te per sentirti al sicuro.\",\"breadcrumb\":{\"@id\":\"https:\/\/www.galleriasanpietro.com\/en\/medaglie-sacre\/medaglia-san-gennaro-in-metallo\/#breadcrumb\"},\"inLanguage\":\"en-US\",\"potentialAction\":[{\"@type\":\"ReadAction\",\"target\":[\"https:\/\/www.galleriasanpietro.com\/en\/medaglie-sacre\/medaglia-san-gennaro-in-metallo\/\"]}]},{\"@type\":\"BreadcrumbList\",\"@id\":\"https:\/\/www.galleriasanpietro.com\/en\/medaglie-sacre\/medaglia-san-gennaro-in-metallo\/#breadcrumb\",\"itemListElement\":[{\"@type\":\"ListItem\",\"position\":1,\"name\":\"Home\",\"item\":\"https:\/\/www.galleriasanpietro.com\/en\/\"},{\"@type\":\"ListItem\",\"position\":2,\"name\":\"Our products\",\"item\":\"https:\/\/www.galleriasanpietro.com\/en\/products\/\"},{\"@type\":\"ListItem\",\"position\":3,\"name\":\"Medaglia San Gennaro in metallo\"}]},{\"@type\":\"WebSite\",\"@id\":\"https:\/\/www.galleriasanpietro.com\/en\/#website\",\"url\":\"https:\/\/www.galleriasanpietro.com\/en\/\",\"name\":\"Galleria San Pietro\",\"description\":\"Vendita articoli religiosi\",\"publisher\":{\"@id\":\"https:\/\/www.galleriasanpietro.com\/en\/#organization\"},\"potentialAction\":[{\"@type\":\"SearchAction\",\"target\":{\"@type\":\"EntryPoint\",\"urlTemplate\":\"https:\/\/www.galleriasanpietro.com\/en\/?s={search_term_string}\"},\"query-input\":\"required name=search_term_string\"}],\"inLanguage\":\"en-US\"},{\"@type\":\"Organization\",\"@id\":\"https:\/\/www.galleriasanpietro.com\/en\/#organization\",\"name\":\"Galleria San Pietro\",\"url\":\"https:\/\/www.galleriasanpietro.com\/en\/\",\"logo\":{\"@type\":\"ImageObject\",\"inLanguage\":\"en-US\",\"@id\":\"https:\/\/www.galleriasanpietro.com\/en\/#\/schema\/logo\/image\/\",\"url\":\"https:\/\/www.galleriasanpietro.com\/wp-content\/uploads\/2018\/03\/logo-san-pietro.png\",\"contentUrl\":\"https:\/\/www.galleriasanpietro.com\/wp-content\/uploads\/2018\/03\/logo-san-pietro.png\",\"width\":578,\"height\":128,\"caption\":\"Galleria San Pietro\"},\"image\":{\"@id\":\"https:\/\/www.galleriasanpietro.com\/en\/#\/schema\/logo\/image\/\"},\"sameAs\":[\"https:\/\/www.facebook.com\/galleriasanpietroroma\/\",\"https:\/\/www.instagram.com\/galleria_san_pietro\/\"]}]}<\/script>\n<!-- \/ Yoast SEO plugin. -->","yoast_head_json":{"title":"Medaglia San Gennaro in metallo | Galleria San Pietro Roma | Compra ora","description":"Scopri la Medaglia San Gennaro in metallo, un simbolo di fede e protezione, perfetta da portare sempre con te per sentirti al sicuro.","robots":{"index":"index","follow":"follow","max-snippet":"max-snippet:-1","max-image-preview":"max-image-preview:large","max-video-preview":"max-video-preview:-1"},"canonical":"https:\/\/www.galleriasanpietro.com\/en\/medaglie-sacre\/medaglia-san-gennaro-in-metallo\/","og_locale":"en_US","og_type":"article","og_title":"Medaglia San Gennaro in metallo | Galleria San Pietro Roma | Compra ora","og_description":"Scopri la Medaglia San Gennaro in metallo, un simbolo di fede e protezione, perfetta da portare sempre con te per sentirti al sicuro.","og_url":"https:\/\/www.galleriasanpietro.com\/en\/medaglie-sacre\/medaglia-san-gennaro-in-metallo\/","og_site_name":"Galleria San Pietro","article_publisher":"https:\/\/www.facebook.com\/galleriasanpietroroma\/","article_modified_time":"2026-01-15T14:38:44+00:00","og_image":[{"width":600,"height":800,"url":"https:\/\/www.galleriasanpietro.com\/wp-content\/uploads\/2020\/10\/San-Gennaro-MD0035.jpg","type":"image\/jpeg"}],"twitter_misc":{"Est. reading time":"2 minutes"},"schema":{"@context":"https:\/\/schema.org","@graph":[{"@type":"WebPage","@id":"https:\/\/www.galleriasanpietro.com\/en\/medaglie-sacre\/medaglia-san-gennaro-in-metallo\/","url":"https:\/\/www.galleriasanpietro.com\/en\/medaglie-sacre\/medaglia-san-gennaro-in-metallo\/","name":"Medaglia San Gennaro in metallo | Galleria San Pietro Roma | Compra ora","isPartOf":{"@id":"https:\/\/www.galleriasanpietro.com\/en\/#website"},"datePublished":"2020-10-31T14:40:50+00:00","dateModified":"2026-01-15T14:38:44+00:00","description":"Scopri la Medaglia San Gennaro in metallo, un simbolo di fede e protezione, perfetta da portare sempre con te per sentirti al sicuro.","breadcrumb":{"@id":"https:\/\/www.galleriasanpietro.com\/en\/medaglie-sacre\/medaglia-san-gennaro-in-metallo\/#breadcrumb"},"inLanguage":"en-US","potentialAction":[{"@type":"ReadAction","target":["https:\/\/www.galleriasanpietro.com\/en\/medaglie-sacre\/medaglia-san-gennaro-in-metallo\/"]}]},{"@type":"BreadcrumbList","@id":"https:\/\/www.galleriasanpietro.com\/en\/medaglie-sacre\/medaglia-san-gennaro-in-metallo\/#breadcrumb","itemListElement":[{"@type":"ListItem","position":1,"name":"Home","item":"https:\/\/www.galleriasanpietro.com\/en\/"},{"@type":"ListItem","position":2,"name":"Our products","item":"https:\/\/www.galleriasanpietro.com\/en\/products\/"},{"@type":"ListItem","position":3,"name":"Medaglia San Gennaro in metallo"}]},{"@type":"WebSite","@id":"https:\/\/www.galleriasanpietro.com\/en\/#website","url":"https:\/\/www.galleriasanpietro.com\/en\/","name":"Galleria San Pietro","description":"Vendita articoli religiosi","publisher":{"@id":"https:\/\/www.galleriasanpietro.com\/en\/#organization"},"potentialAction":[{"@type":"SearchAction","target":{"@type":"EntryPoint","urlTemplate":"https:\/\/www.galleriasanpietro.com\/en\/?s={search_term_string}"},"query-input":"required name=search_term_string"}],"inLanguage":"en-US"},{"@type":"Organization","@id":"https:\/\/www.galleriasanpietro.com\/en\/#organization","name":"Galleria San Pietro","url":"https:\/\/www.galleriasanpietro.com\/en\/","logo":{"@type":"ImageObject","inLanguage":"en-US","@id":"https:\/\/www.galleriasanpietro.com\/en\/#\/schema\/logo\/image\/","url":"https:\/\/www.galleriasanpietro.com\/wp-content\/uploads\/2018\/03\/logo-san-pietro.png","contentUrl":"https:\/\/www.galleriasanpietro.com\/wp-content\/uploads\/2018\/03\/logo-san-pietro.png","width":578,"height":128,"caption":"Galleria San Pietro"},"image":{"@id":"https:\/\/www.galleriasanpietro.com\/en\/#\/schema\/logo\/image\/"},"sameAs":["https:\/\/www.facebook.com\/galleriasanpietroroma\/","https:\/\/www.instagram.com\/galleria_san_pietro\/"]}]}},"_links":{"self":[{"href":"https:\/\/www.galleriasanpietro.com\/en\/wp-json\/wp\/v2\/product\/19462","targetHints":{"allow":["GET"]}}],"collection":[{"href":"https:\/\/www.galleriasanpietro.com\/en\/wp-json\/wp\/v2\/product"}],"about":[{"href":"https:\/\/www.galleriasanpietro.com\/en\/wp-json\/wp\/v2\/types\/product"}],"wp:featuredmedia":[{"embeddable":true,"href":"https:\/\/www.galleriasanpietro.com\/en\/wp-json\/wp\/v2\/media\/19463"}],"wp:attachment":[{"href":"https:\/\/www.galleriasanpietro.com\/en\/wp-json\/wp\/v2\/media?parent=19462"}],"wp:term":[{"taxonomy":"product_cat","embeddable":true,"href":"https:\/\/www.galleriasanpietro.com\/en\/wp-json\/wp\/v2\/product_cat?post=19462"},{"taxonomy":"product_tag","embeddable":true,"href":"https:\/\/www.galleriasanpietro.com\/en\/wp-json\/wp\/v2\/product_tag?post=19462"}],"curies":[{"name":"wp","href":"https:\/\/api.w.org\/{rel}","templated":true}]}}