{"id":17627,"date":"2020-03-02T14:15:50","date_gmt":"2020-03-02T13:15:50","guid":{"rendered":"https:\/\/www.galleriasanpietro.com\/senza%20categoria\/croce-in-argento-925-ed-argento-925-dorato-finemente-lavorata\/"},"modified":"2025-02-02T10:23:13","modified_gmt":"2025-02-02T09:23:13","slug":"croce-di-san-benedetto-dorata","status":"publish","type":"product","link":"https:\/\/www.galleriasanpietro.com\/en\/croci-crocifissi\/croce-di-san-benedetto-dorata\/","title":{"rendered":"Croce di San Benedetto dorata"},"content":{"rendered":"<p>La Croce di San Benedetto \u00e8 un simbolo di fede e protezione, profondamente radicato nella tradizione cristiana, in particolare nell&#8217;Ordine di San Benedetto. Questa croce \u00e8 spesso ornata da dettagli ornamentali, e quando \u00e8 dorata, assume un aspetto particolarmente affascinante e maestoso. Realizzata generalmente in argento dorato, pu\u00f2 presentare incisioni intricate che raffigurano figure sacre e simboli benedettini, conferendo a ogni pezzo un significato speciale.<\/p>\n<p>Al centro della croce si trova l&#8217;immagine di San Benedetto, un monaco vissuto nel VI secolo, noto per la sua regola monastica che ha influenzato la vita dei monaci e la spiritualit\u00e0 cristiana. Attorno alla figura di San Benedetto, si trovano le lettere &#8220;C.S.P.B.&#8221; che stanno per &#8220;Crux Sancti Patris Benedicti&#8221; (Croce del Santo Padre Benedetto), un invito alla protezione divina in tutte le circostanze della vita.<\/p>\n<p>La Croce di San Benedetto \u00e8 spesso considerata un amuleto contro il male e le influenze negative, grazie alle preghiere che si recitano durante la sua benedizione. L&#8217;uso di questo simbolo \u00e8 comune in molti ambienti, dalle chiese ai monasteri, fino agli spazi domestici, dove viene appesa in segno di protezione. Non \u00e8 raro trovare questa croce anche in forma di gioiello, come pendenti o bracciali, permettendo cos\u00ec ai devoti di portare con s\u00e9 il senso di protezione e benedizione.<\/p>\n<p>La finitura dorata della croce non solo esprime la bellezza e la sacralit\u00e0 del simbolo, ma rappresenta anche la luce divina che illumina il cammino di ciascun fedele. In questo modo, la Croce di San Benedetto dorata diventa un potente richiamo alla fede, alla speranza e alla sicurezza nella grazia divina.<\/p>\n<ul>\n<li>Seguici su\u00a0<a href=\"https:\/\/www.facebook.com\/galleriasanpietroroma\/\">facebook<\/a><\/li>\n<li>Scopri altri rosari\u00a0<a href=\"https:\/\/www.galleriasanpietro.com\/?s=rosario+in+pietre\">clicca qui\u00a0<\/a><\/li>\n<\/ul>\n","protected":false},"excerpt":{"rendered":"<p>Croce in argento 925 ed argento 925 dorato, finemente lavorata<\/p>\n","protected":false},"featured_media":17801,"template":"","meta":[],"product_cat":[250],"product_tag":[642,590],"class_list":{"0":"post-17627","1":"product","2":"type-product","3":"status-publish","4":"has-post-thumbnail","6":"product_cat-croci-crocifissi","7":"product_tag-croce","8":"product_tag-san-benedetto","10":"first","11":"instock","12":"shipping-taxable","13":"purchasable","14":"product-type-simple"},"acf":[],"yoast_head":"<!-- This site is optimized with the Yoast SEO plugin v21.7 - https:\/\/yoast.com\/wordpress\/plugins\/seo\/ -->\n<title>Croce di San Benedetto dorata | Galleria San Pietro Roma | Compra ora<\/title>\n<meta name=\"description\" content=\"La Croce di San Benedetto dorata \u00e8 un simbolo di protezione spirituale, unisce arte e fede, ideale per chi cerca benedizione e conforto\" \/>\n<meta name=\"robots\" content=\"index, follow, max-snippet:-1, max-image-preview:large, max-video-preview:-1\" \/>\n<link rel=\"canonical\" href=\"https:\/\/www.galleriasanpietro.com\/en\/croci-crocifissi\/croce-di-san-benedetto-dorata\/\" \/>\n<meta property=\"og:locale\" content=\"en_US\" \/>\n<meta property=\"og:type\" content=\"article\" \/>\n<meta property=\"og:title\" content=\"Croce di San Benedetto dorata | Galleria San Pietro Roma | Compra ora\" \/>\n<meta property=\"og:description\" content=\"La Croce di San Benedetto dorata \u00e8 un simbolo di protezione spirituale, unisce arte e fede, ideale per chi cerca benedizione e conforto\" \/>\n<meta property=\"og:url\" content=\"https:\/\/www.galleriasanpietro.com\/en\/croci-crocifissi\/croce-di-san-benedetto-dorata\/\" \/>\n<meta property=\"og:site_name\" content=\"Galleria San Pietro\" \/>\n<meta property=\"article:publisher\" content=\"https:\/\/www.facebook.com\/galleriasanpietroroma\/\" \/>\n<meta property=\"article:modified_time\" content=\"2025-02-02T09:23:13+00:00\" \/>\n<meta property=\"og:image\" content=\"https:\/\/www.galleriasanpietro.com\/wp-content\/uploads\/2020\/03\/CR0867-crocifisso-argento-dorato-1.jpg\" \/>\n\t<meta property=\"og:image:width\" content=\"800\" \/>\n\t<meta property=\"og:image:height\" content=\"800\" \/>\n\t<meta property=\"og:image:type\" content=\"image\/jpeg\" \/>\n<meta name=\"twitter:label1\" content=\"Est. reading time\" \/>\n\t<meta name=\"twitter:data1\" content=\"2 minutes\" \/>\n<script type=\"application\/ld+json\" class=\"yoast-schema-graph\">{\"@context\":\"https:\/\/schema.org\",\"@graph\":[{\"@type\":\"WebPage\",\"@id\":\"https:\/\/www.galleriasanpietro.com\/en\/croci-crocifissi\/croce-di-san-benedetto-dorata\/\",\"url\":\"https:\/\/www.galleriasanpietro.com\/en\/croci-crocifissi\/croce-di-san-benedetto-dorata\/\",\"name\":\"Croce di San Benedetto dorata | Galleria San Pietro Roma | Compra ora\",\"isPartOf\":{\"@id\":\"https:\/\/www.galleriasanpietro.com\/en\/#website\"},\"datePublished\":\"2020-03-02T13:15:50+00:00\",\"dateModified\":\"2025-02-02T09:23:13+00:00\",\"description\":\"La Croce di San Benedetto dorata \u00e8 un simbolo di protezione spirituale, unisce arte e fede, ideale per chi cerca benedizione e conforto\",\"breadcrumb\":{\"@id\":\"https:\/\/www.galleriasanpietro.com\/en\/croci-crocifissi\/croce-di-san-benedetto-dorata\/#breadcrumb\"},\"inLanguage\":\"en-US\",\"potentialAction\":[{\"@type\":\"ReadAction\",\"target\":[\"https:\/\/www.galleriasanpietro.com\/en\/croci-crocifissi\/croce-di-san-benedetto-dorata\/\"]}]},{\"@type\":\"BreadcrumbList\",\"@id\":\"https:\/\/www.galleriasanpietro.com\/en\/croci-crocifissi\/croce-di-san-benedetto-dorata\/#breadcrumb\",\"itemListElement\":[{\"@type\":\"ListItem\",\"position\":1,\"name\":\"Home\",\"item\":\"https:\/\/www.galleriasanpietro.com\/en\/\"},{\"@type\":\"ListItem\",\"position\":2,\"name\":\"Our products\",\"item\":\"https:\/\/www.galleriasanpietro.com\/en\/products\/\"},{\"@type\":\"ListItem\",\"position\":3,\"name\":\"Croce di San Benedetto dorata\"}]},{\"@type\":\"WebSite\",\"@id\":\"https:\/\/www.galleriasanpietro.com\/en\/#website\",\"url\":\"https:\/\/www.galleriasanpietro.com\/en\/\",\"name\":\"Galleria San Pietro\",\"description\":\"Vendita articoli religiosi\",\"publisher\":{\"@id\":\"https:\/\/www.galleriasanpietro.com\/en\/#organization\"},\"potentialAction\":[{\"@type\":\"SearchAction\",\"target\":{\"@type\":\"EntryPoint\",\"urlTemplate\":\"https:\/\/www.galleriasanpietro.com\/en\/?s={search_term_string}\"},\"query-input\":\"required name=search_term_string\"}],\"inLanguage\":\"en-US\"},{\"@type\":\"Organization\",\"@id\":\"https:\/\/www.galleriasanpietro.com\/en\/#organization\",\"name\":\"Galleria San Pietro\",\"url\":\"https:\/\/www.galleriasanpietro.com\/en\/\",\"logo\":{\"@type\":\"ImageObject\",\"inLanguage\":\"en-US\",\"@id\":\"https:\/\/www.galleriasanpietro.com\/en\/#\/schema\/logo\/image\/\",\"url\":\"https:\/\/www.galleriasanpietro.com\/wp-content\/uploads\/2018\/03\/logo-san-pietro.png\",\"contentUrl\":\"https:\/\/www.galleriasanpietro.com\/wp-content\/uploads\/2018\/03\/logo-san-pietro.png\",\"width\":578,\"height\":128,\"caption\":\"Galleria San Pietro\"},\"image\":{\"@id\":\"https:\/\/www.galleriasanpietro.com\/en\/#\/schema\/logo\/image\/\"},\"sameAs\":[\"https:\/\/www.facebook.com\/galleriasanpietroroma\/\",\"https:\/\/www.instagram.com\/galleria_san_pietro\/\"]}]}<\/script>\n<!-- \/ Yoast SEO plugin. -->","yoast_head_json":{"title":"Croce di San Benedetto dorata | Galleria San Pietro Roma | Compra ora","description":"La Croce di San Benedetto dorata \u00e8 un simbolo di protezione spirituale, unisce arte e fede, ideale per chi cerca benedizione e conforto","robots":{"index":"index","follow":"follow","max-snippet":"max-snippet:-1","max-image-preview":"max-image-preview:large","max-video-preview":"max-video-preview:-1"},"canonical":"https:\/\/www.galleriasanpietro.com\/en\/croci-crocifissi\/croce-di-san-benedetto-dorata\/","og_locale":"en_US","og_type":"article","og_title":"Croce di San Benedetto dorata | Galleria San Pietro Roma | Compra ora","og_description":"La Croce di San Benedetto dorata \u00e8 un simbolo di protezione spirituale, unisce arte e fede, ideale per chi cerca benedizione e conforto","og_url":"https:\/\/www.galleriasanpietro.com\/en\/croci-crocifissi\/croce-di-san-benedetto-dorata\/","og_site_name":"Galleria San Pietro","article_publisher":"https:\/\/www.facebook.com\/galleriasanpietroroma\/","article_modified_time":"2025-02-02T09:23:13+00:00","og_image":[{"width":800,"height":800,"url":"https:\/\/www.galleriasanpietro.com\/wp-content\/uploads\/2020\/03\/CR0867-crocifisso-argento-dorato-1.jpg","type":"image\/jpeg"}],"twitter_misc":{"Est. reading time":"2 minutes"},"schema":{"@context":"https:\/\/schema.org","@graph":[{"@type":"WebPage","@id":"https:\/\/www.galleriasanpietro.com\/en\/croci-crocifissi\/croce-di-san-benedetto-dorata\/","url":"https:\/\/www.galleriasanpietro.com\/en\/croci-crocifissi\/croce-di-san-benedetto-dorata\/","name":"Croce di San Benedetto dorata | Galleria San Pietro Roma | Compra ora","isPartOf":{"@id":"https:\/\/www.galleriasanpietro.com\/en\/#website"},"datePublished":"2020-03-02T13:15:50+00:00","dateModified":"2025-02-02T09:23:13+00:00","description":"La Croce di San Benedetto dorata \u00e8 un simbolo di protezione spirituale, unisce arte e fede, ideale per chi cerca benedizione e conforto","breadcrumb":{"@id":"https:\/\/www.galleriasanpietro.com\/en\/croci-crocifissi\/croce-di-san-benedetto-dorata\/#breadcrumb"},"inLanguage":"en-US","potentialAction":[{"@type":"ReadAction","target":["https:\/\/www.galleriasanpietro.com\/en\/croci-crocifissi\/croce-di-san-benedetto-dorata\/"]}]},{"@type":"BreadcrumbList","@id":"https:\/\/www.galleriasanpietro.com\/en\/croci-crocifissi\/croce-di-san-benedetto-dorata\/#breadcrumb","itemListElement":[{"@type":"ListItem","position":1,"name":"Home","item":"https:\/\/www.galleriasanpietro.com\/en\/"},{"@type":"ListItem","position":2,"name":"Our products","item":"https:\/\/www.galleriasanpietro.com\/en\/products\/"},{"@type":"ListItem","position":3,"name":"Croce di San Benedetto dorata"}]},{"@type":"WebSite","@id":"https:\/\/www.galleriasanpietro.com\/en\/#website","url":"https:\/\/www.galleriasanpietro.com\/en\/","name":"Galleria San Pietro","description":"Vendita articoli religiosi","publisher":{"@id":"https:\/\/www.galleriasanpietro.com\/en\/#organization"},"potentialAction":[{"@type":"SearchAction","target":{"@type":"EntryPoint","urlTemplate":"https:\/\/www.galleriasanpietro.com\/en\/?s={search_term_string}"},"query-input":"required name=search_term_string"}],"inLanguage":"en-US"},{"@type":"Organization","@id":"https:\/\/www.galleriasanpietro.com\/en\/#organization","name":"Galleria San Pietro","url":"https:\/\/www.galleriasanpietro.com\/en\/","logo":{"@type":"ImageObject","inLanguage":"en-US","@id":"https:\/\/www.galleriasanpietro.com\/en\/#\/schema\/logo\/image\/","url":"https:\/\/www.galleriasanpietro.com\/wp-content\/uploads\/2018\/03\/logo-san-pietro.png","contentUrl":"https:\/\/www.galleriasanpietro.com\/wp-content\/uploads\/2018\/03\/logo-san-pietro.png","width":578,"height":128,"caption":"Galleria San Pietro"},"image":{"@id":"https:\/\/www.galleriasanpietro.com\/en\/#\/schema\/logo\/image\/"},"sameAs":["https:\/\/www.facebook.com\/galleriasanpietroroma\/","https:\/\/www.instagram.com\/galleria_san_pietro\/"]}]}},"_links":{"self":[{"href":"https:\/\/www.galleriasanpietro.com\/en\/wp-json\/wp\/v2\/product\/17627","targetHints":{"allow":["GET"]}}],"collection":[{"href":"https:\/\/www.galleriasanpietro.com\/en\/wp-json\/wp\/v2\/product"}],"about":[{"href":"https:\/\/www.galleriasanpietro.com\/en\/wp-json\/wp\/v2\/types\/product"}],"wp:featuredmedia":[{"embeddable":true,"href":"https:\/\/www.galleriasanpietro.com\/en\/wp-json\/wp\/v2\/media\/17801"}],"wp:attachment":[{"href":"https:\/\/www.galleriasanpietro.com\/en\/wp-json\/wp\/v2\/media?parent=17627"}],"wp:term":[{"taxonomy":"product_cat","embeddable":true,"href":"https:\/\/www.galleriasanpietro.com\/en\/wp-json\/wp\/v2\/product_cat?post=17627"},{"taxonomy":"product_tag","embeddable":true,"href":"https:\/\/www.galleriasanpietro.com\/en\/wp-json\/wp\/v2\/product_tag?post=17627"}],"curies":[{"name":"wp","href":"https:\/\/api.w.org\/{rel}","templated":true}]}}