{"id":10493,"date":"2020-01-24T12:40:32","date_gmt":"2020-01-24T11:40:32","guid":{"rendered":"https:\/\/www.galleriasanpietro.com\/senza%20categoria\/medaglia-sacra-in-argento-di-santa-maria-maddalena\/"},"modified":"2024-12-17T11:00:55","modified_gmt":"2024-12-17T10:00:55","slug":"medaglia-sacra-in-argento-di-santa-maria-maddalena","status":"publish","type":"product","link":"https:\/\/www.galleriasanpietro.com\/en\/medaglie-sacre\/medaglia-sacra-in-argento-di-santa-maria-maddalena\/","title":{"rendered":"Medaglia Sacra in argento di Santa Maria Maddalena"},"content":{"rendered":"<p>La Medaglia Sacra in argento di Santa Maria Maddalena \u00e8 un oggetto di profonda spiritualit\u00e0 e significato religioso, spesso indossato dai devoti come segno di fede e protezione. Santa Maria Maddalena \u00e8 una figura centrale nel cristianesimo, conosciuta per il suo ruolo di testimone della resurrezione di Ges\u00f9 e per la sua vita di penitenza e redenzione. La medaglia, realizzata in argento, \u00e8 caratterizzata da un design elegante e dettagliato che rappresenta la santa in modo evocativo.<\/p>\n<p>Sul dritto della medaglia, si pu\u00f2 apprezzare l&#8217;immagine di Santa Maria Maddalena, solitamente raffigurata con una lunga chioma e un&#8217;espressione di devota introspezione. Spesso tiene in mano un vaso di unguenti, simbolo della sua visita al sepolcro di Ges\u00f9, portando con s\u00e9 gli oli per la sua unzione. Attorno all&#8217;immagine, si trovano incisi versetti o preghiere che invocano la protezione e l&#8217;intercessione della santa.<\/p>\n<p>Sul rovescio, possono esserci simboli di fede, come la croce o altri elementi iconografici che richiamano la tradizione cristiana. La scelta dell&#8217;argento come materiale non \u00e8 casuale; questo metallo prezioso rappresenta la purezza e la luce, riflettendo il valore spirituale di Maria Maddalena come simbolo di speranza e redenzione.<\/p>\n<p>Indossare la Medaglia Sacra di Santa Maria Maddalena \u00e8 un gesto di devozione, spesso associato a preghiere di protezione, guarigione e guida spirituale. Molti credenti la considerano un talismano che offre conforto nei momenti di difficolt\u00e0 e incoraggia una vita di fede e amore. La medaglia \u00e8, quindi, non solo un ornamento, ma un potente simbolo di fede che accompagna i fedeli nel loro cammino spirituale.<\/p>\n<ul>\n<li>Guarda altri medaglie <a href=\"https:\/\/www.galleriasanpietro.com\/medaglie-e-croci\/medaglie-sacre\/\">qui\u00a0<\/a><\/li>\n<li>Seguici su <a href=\"https:\/\/www.facebook.com\/galleriasanpietroroma\/\">Facebook\u00a0<\/a><\/li>\n<\/ul>\n","protected":false},"excerpt":{"rendered":"<p>Medaglia sacra in argento 925 raffigurante il volto di Santa Maria Maddalena<\/p>\n","protected":false},"featured_media":15279,"template":"","meta":[],"product_cat":[264],"product_tag":[],"class_list":{"0":"post-10493","1":"product","2":"type-product","3":"status-publish","4":"has-post-thumbnail","6":"product_cat-medaglie-sacre","8":"first","9":"instock","10":"shipping-taxable","11":"purchasable","12":"product-type-simple"},"acf":[],"yoast_head":"<!-- This site is optimized with the Yoast SEO plugin v21.7 - https:\/\/yoast.com\/wordpress\/plugins\/seo\/ -->\n<title>Medaglia Sacra in argento di Santa Maria Maddalena | Galleria San Pietro<\/title>\n<meta name=\"description\" content=\"La Medaglia Sacra in argento di Santa Maria Maddalena \u00e8 un simbolo di fede e devozione, raffigurante la santa con dettagli eleganti e significativi.\" \/>\n<meta name=\"robots\" content=\"index, follow, max-snippet:-1, max-image-preview:large, max-video-preview:-1\" \/>\n<link rel=\"canonical\" href=\"https:\/\/www.galleriasanpietro.com\/en\/medaglie-sacre\/medaglia-sacra-in-argento-di-santa-maria-maddalena\/\" \/>\n<meta property=\"og:locale\" content=\"en_US\" \/>\n<meta property=\"og:type\" content=\"article\" \/>\n<meta property=\"og:title\" content=\"Medaglia Sacra in argento di Santa Maria Maddalena | Galleria San Pietro\" \/>\n<meta property=\"og:description\" content=\"La Medaglia Sacra in argento di Santa Maria Maddalena \u00e8 un simbolo di fede e devozione, raffigurante la santa con dettagli eleganti e significativi.\" \/>\n<meta property=\"og:url\" content=\"https:\/\/www.galleriasanpietro.com\/en\/medaglie-sacre\/medaglia-sacra-in-argento-di-santa-maria-maddalena\/\" \/>\n<meta property=\"og:site_name\" content=\"Galleria San Pietro\" \/>\n<meta property=\"article:publisher\" content=\"https:\/\/www.facebook.com\/galleriasanpietroroma\/\" \/>\n<meta property=\"article:modified_time\" content=\"2024-12-17T10:00:55+00:00\" \/>\n<meta property=\"og:image\" content=\"https:\/\/www.galleriasanpietro.com\/wp-content\/uploads\/2020\/01\/MD0596-medaglia-maria-maddalena.jpg\" \/>\n\t<meta property=\"og:image:width\" content=\"800\" \/>\n\t<meta property=\"og:image:height\" content=\"800\" \/>\n\t<meta property=\"og:image:type\" content=\"image\/jpeg\" \/>\n<meta name=\"twitter:label1\" content=\"Est. reading time\" \/>\n\t<meta name=\"twitter:data1\" content=\"2 minutes\" \/>\n<script type=\"application\/ld+json\" class=\"yoast-schema-graph\">{\"@context\":\"https:\/\/schema.org\",\"@graph\":[{\"@type\":\"WebPage\",\"@id\":\"https:\/\/www.galleriasanpietro.com\/en\/medaglie-sacre\/medaglia-sacra-in-argento-di-santa-maria-maddalena\/\",\"url\":\"https:\/\/www.galleriasanpietro.com\/en\/medaglie-sacre\/medaglia-sacra-in-argento-di-santa-maria-maddalena\/\",\"name\":\"Medaglia Sacra in argento di Santa Maria Maddalena | Galleria San Pietro\",\"isPartOf\":{\"@id\":\"https:\/\/www.galleriasanpietro.com\/en\/#website\"},\"datePublished\":\"2020-01-24T11:40:32+00:00\",\"dateModified\":\"2024-12-17T10:00:55+00:00\",\"description\":\"La Medaglia Sacra in argento di Santa Maria Maddalena \u00e8 un simbolo di fede e devozione, raffigurante la santa con dettagli eleganti e significativi.\",\"breadcrumb\":{\"@id\":\"https:\/\/www.galleriasanpietro.com\/en\/medaglie-sacre\/medaglia-sacra-in-argento-di-santa-maria-maddalena\/#breadcrumb\"},\"inLanguage\":\"en-US\",\"potentialAction\":[{\"@type\":\"ReadAction\",\"target\":[\"https:\/\/www.galleriasanpietro.com\/en\/medaglie-sacre\/medaglia-sacra-in-argento-di-santa-maria-maddalena\/\"]}]},{\"@type\":\"BreadcrumbList\",\"@id\":\"https:\/\/www.galleriasanpietro.com\/en\/medaglie-sacre\/medaglia-sacra-in-argento-di-santa-maria-maddalena\/#breadcrumb\",\"itemListElement\":[{\"@type\":\"ListItem\",\"position\":1,\"name\":\"Home\",\"item\":\"https:\/\/www.galleriasanpietro.com\/en\/\"},{\"@type\":\"ListItem\",\"position\":2,\"name\":\"Our products\",\"item\":\"https:\/\/www.galleriasanpietro.com\/en\/products\/\"},{\"@type\":\"ListItem\",\"position\":3,\"name\":\"Medaglia Sacra in argento di Santa Maria Maddalena\"}]},{\"@type\":\"WebSite\",\"@id\":\"https:\/\/www.galleriasanpietro.com\/en\/#website\",\"url\":\"https:\/\/www.galleriasanpietro.com\/en\/\",\"name\":\"Galleria San Pietro\",\"description\":\"Vendita articoli religiosi\",\"publisher\":{\"@id\":\"https:\/\/www.galleriasanpietro.com\/en\/#organization\"},\"potentialAction\":[{\"@type\":\"SearchAction\",\"target\":{\"@type\":\"EntryPoint\",\"urlTemplate\":\"https:\/\/www.galleriasanpietro.com\/en\/?s={search_term_string}\"},\"query-input\":\"required name=search_term_string\"}],\"inLanguage\":\"en-US\"},{\"@type\":\"Organization\",\"@id\":\"https:\/\/www.galleriasanpietro.com\/en\/#organization\",\"name\":\"Galleria San Pietro\",\"url\":\"https:\/\/www.galleriasanpietro.com\/en\/\",\"logo\":{\"@type\":\"ImageObject\",\"inLanguage\":\"en-US\",\"@id\":\"https:\/\/www.galleriasanpietro.com\/en\/#\/schema\/logo\/image\/\",\"url\":\"https:\/\/www.galleriasanpietro.com\/wp-content\/uploads\/2018\/03\/logo-san-pietro.png\",\"contentUrl\":\"https:\/\/www.galleriasanpietro.com\/wp-content\/uploads\/2018\/03\/logo-san-pietro.png\",\"width\":578,\"height\":128,\"caption\":\"Galleria San Pietro\"},\"image\":{\"@id\":\"https:\/\/www.galleriasanpietro.com\/en\/#\/schema\/logo\/image\/\"},\"sameAs\":[\"https:\/\/www.facebook.com\/galleriasanpietroroma\/\",\"https:\/\/www.instagram.com\/galleria_san_pietro\/\"]}]}<\/script>\n<!-- \/ Yoast SEO plugin. -->","yoast_head_json":{"title":"Medaglia Sacra in argento di Santa Maria Maddalena | Galleria San Pietro","description":"La Medaglia Sacra in argento di Santa Maria Maddalena \u00e8 un simbolo di fede e devozione, raffigurante la santa con dettagli eleganti e significativi.","robots":{"index":"index","follow":"follow","max-snippet":"max-snippet:-1","max-image-preview":"max-image-preview:large","max-video-preview":"max-video-preview:-1"},"canonical":"https:\/\/www.galleriasanpietro.com\/en\/medaglie-sacre\/medaglia-sacra-in-argento-di-santa-maria-maddalena\/","og_locale":"en_US","og_type":"article","og_title":"Medaglia Sacra in argento di Santa Maria Maddalena | Galleria San Pietro","og_description":"La Medaglia Sacra in argento di Santa Maria Maddalena \u00e8 un simbolo di fede e devozione, raffigurante la santa con dettagli eleganti e significativi.","og_url":"https:\/\/www.galleriasanpietro.com\/en\/medaglie-sacre\/medaglia-sacra-in-argento-di-santa-maria-maddalena\/","og_site_name":"Galleria San Pietro","article_publisher":"https:\/\/www.facebook.com\/galleriasanpietroroma\/","article_modified_time":"2024-12-17T10:00:55+00:00","og_image":[{"width":800,"height":800,"url":"https:\/\/www.galleriasanpietro.com\/wp-content\/uploads\/2020\/01\/MD0596-medaglia-maria-maddalena.jpg","type":"image\/jpeg"}],"twitter_misc":{"Est. reading time":"2 minutes"},"schema":{"@context":"https:\/\/schema.org","@graph":[{"@type":"WebPage","@id":"https:\/\/www.galleriasanpietro.com\/en\/medaglie-sacre\/medaglia-sacra-in-argento-di-santa-maria-maddalena\/","url":"https:\/\/www.galleriasanpietro.com\/en\/medaglie-sacre\/medaglia-sacra-in-argento-di-santa-maria-maddalena\/","name":"Medaglia Sacra in argento di Santa Maria Maddalena | Galleria San Pietro","isPartOf":{"@id":"https:\/\/www.galleriasanpietro.com\/en\/#website"},"datePublished":"2020-01-24T11:40:32+00:00","dateModified":"2024-12-17T10:00:55+00:00","description":"La Medaglia Sacra in argento di Santa Maria Maddalena \u00e8 un simbolo di fede e devozione, raffigurante la santa con dettagli eleganti e significativi.","breadcrumb":{"@id":"https:\/\/www.galleriasanpietro.com\/en\/medaglie-sacre\/medaglia-sacra-in-argento-di-santa-maria-maddalena\/#breadcrumb"},"inLanguage":"en-US","potentialAction":[{"@type":"ReadAction","target":["https:\/\/www.galleriasanpietro.com\/en\/medaglie-sacre\/medaglia-sacra-in-argento-di-santa-maria-maddalena\/"]}]},{"@type":"BreadcrumbList","@id":"https:\/\/www.galleriasanpietro.com\/en\/medaglie-sacre\/medaglia-sacra-in-argento-di-santa-maria-maddalena\/#breadcrumb","itemListElement":[{"@type":"ListItem","position":1,"name":"Home","item":"https:\/\/www.galleriasanpietro.com\/en\/"},{"@type":"ListItem","position":2,"name":"Our products","item":"https:\/\/www.galleriasanpietro.com\/en\/products\/"},{"@type":"ListItem","position":3,"name":"Medaglia Sacra in argento di Santa Maria Maddalena"}]},{"@type":"WebSite","@id":"https:\/\/www.galleriasanpietro.com\/en\/#website","url":"https:\/\/www.galleriasanpietro.com\/en\/","name":"Galleria San Pietro","description":"Vendita articoli religiosi","publisher":{"@id":"https:\/\/www.galleriasanpietro.com\/en\/#organization"},"potentialAction":[{"@type":"SearchAction","target":{"@type":"EntryPoint","urlTemplate":"https:\/\/www.galleriasanpietro.com\/en\/?s={search_term_string}"},"query-input":"required name=search_term_string"}],"inLanguage":"en-US"},{"@type":"Organization","@id":"https:\/\/www.galleriasanpietro.com\/en\/#organization","name":"Galleria San Pietro","url":"https:\/\/www.galleriasanpietro.com\/en\/","logo":{"@type":"ImageObject","inLanguage":"en-US","@id":"https:\/\/www.galleriasanpietro.com\/en\/#\/schema\/logo\/image\/","url":"https:\/\/www.galleriasanpietro.com\/wp-content\/uploads\/2018\/03\/logo-san-pietro.png","contentUrl":"https:\/\/www.galleriasanpietro.com\/wp-content\/uploads\/2018\/03\/logo-san-pietro.png","width":578,"height":128,"caption":"Galleria San Pietro"},"image":{"@id":"https:\/\/www.galleriasanpietro.com\/en\/#\/schema\/logo\/image\/"},"sameAs":["https:\/\/www.facebook.com\/galleriasanpietroroma\/","https:\/\/www.instagram.com\/galleria_san_pietro\/"]}]}},"_links":{"self":[{"href":"https:\/\/www.galleriasanpietro.com\/en\/wp-json\/wp\/v2\/product\/10493","targetHints":{"allow":["GET"]}}],"collection":[{"href":"https:\/\/www.galleriasanpietro.com\/en\/wp-json\/wp\/v2\/product"}],"about":[{"href":"https:\/\/www.galleriasanpietro.com\/en\/wp-json\/wp\/v2\/types\/product"}],"wp:featuredmedia":[{"embeddable":true,"href":"https:\/\/www.galleriasanpietro.com\/en\/wp-json\/wp\/v2\/media\/15279"}],"wp:attachment":[{"href":"https:\/\/www.galleriasanpietro.com\/en\/wp-json\/wp\/v2\/media?parent=10493"}],"wp:term":[{"taxonomy":"product_cat","embeddable":true,"href":"https:\/\/www.galleriasanpietro.com\/en\/wp-json\/wp\/v2\/product_cat?post=10493"},{"taxonomy":"product_tag","embeddable":true,"href":"https:\/\/www.galleriasanpietro.com\/en\/wp-json\/wp\/v2\/product_tag?post=10493"}],"curies":[{"name":"wp","href":"https:\/\/api.w.org\/{rel}","templated":true}]}}