{"id":10484,"date":"2020-01-24T12:40:31","date_gmt":"2020-01-24T11:40:31","guid":{"rendered":"https:\/\/www.galleriasanpietro.com\/senza%20categoria\/medaglia-sacra-in-argento-di-santa-francesca-romana\/"},"modified":"2025-09-01T15:42:41","modified_gmt":"2025-09-01T13:42:41","slug":"medaglia-sacra-in-argento-di-santa-francesca-romana","status":"publish","type":"product","link":"https:\/\/www.galleriasanpietro.com\/en\/medaglie-sacre\/medaglia-sacra-in-argento-di-santa-francesca-romana\/","title":{"rendered":"Medaglia Sacra in argento di Santa Francesca Romana"},"content":{"rendered":"<p>La Medaglia Sacra in argento di Santa Francesca Romana \u00e8 un oggetto di grande significato religioso e culturale, che rappresenta la figura di una delle sante pi\u00f9 venerate nella tradizione cattolica. Santa Francesca Romana, vissuta nel XV secolo, \u00e8 conosciuta non solo per la sua devozione e spiritualit\u00e0, ma anche per il suo impegno sociale, in particolare nell&#8217;assistenza ai bisognosi e nella cura dei malati. La medaglia, realizzata in argento, \u00e8 un simbolo di protezione e benedizione, spesso indossata dai devoti come segno di fede.<\/p>\n<p>La medaglia presenta un design elegante e dettagliato, con l&#8217;immagine di Santa Francesca Romana al centro. Rappresentata con il suo tipico abito monastico e una corona di fiori, la santa emana un senso di serenit\u00e0 e compassione. Attorno alla figura centrale, si possono trovare iscrizioni che esaltano le virt\u00f9 della santa, come la carit\u00e0, la piet\u00e0 e l&#8217;umilt\u00e0, valori che hanno caratterizzato la sua vita.<\/p>\n<p>L&#8217;argento, materiale prezioso e duraturo, conferisce alla medaglia un aspetto raffinato e lussuoso, rendendola anche un oggetto di valore da tramandare di generazione in generazione. Non \u00e8 solo un talismano, ma anche un simbolo di appartenenza a una comunit\u00e0 di fede, che riconosce l&#8217;importanza della figura di Santa Francesca Romana nella storia della Chiesa.<\/p>\n<p>Molti credenti portano con s\u00e9 la Medaglia Sacra in argento come segno di protezione e guida spirituale, confidando nella sua capacit\u00e0 di intercedere presso Dio. In questo modo, la medaglia diventa un potente strumento di devozione, che accompagna i fedeli nel loro cammino di fede e nella ricerca di una vita pi\u00f9 virtuosa.<\/p>\n<ul>\n<li>Guarda altri medaglie <a href=\"https:\/\/www.galleriasanpietro.com\/medaglie-e-croci\/medaglie-sacre\/\">qui\u00a0<\/a><\/li>\n<li>Seguici su <a href=\"https:\/\/www.facebook.com\/galleriasanpietroroma\/\">Facebook\u00a0<\/a><\/li>\n<\/ul>\n","protected":false},"excerpt":{"rendered":"<p>Medaglia sacra in argento 925 a forma ovale raffigurante il volto di Santa Francesca Romana<\/p>\n","protected":false},"featured_media":15219,"template":"","meta":[],"product_cat":[264],"product_tag":[],"class_list":{"0":"post-10484","1":"product","2":"type-product","3":"status-publish","4":"has-post-thumbnail","6":"product_cat-medaglie-sacre","8":"first","9":"outofstock","10":"shipping-taxable","11":"purchasable","12":"product-type-simple"},"acf":[],"yoast_head":"<!-- This site is optimized with the Yoast SEO plugin v21.7 - https:\/\/yoast.com\/wordpress\/plugins\/seo\/ -->\n<title>Medaglia Sacra in argento di Santa Francesca Romana | Galleria San Pietro<\/title>\n<meta name=\"description\" content=\"La Medaglia Sacra in argento di Santa Francesca Romana rappresenta la protezione e la devozione verso la santa, simbolo di fede e spiritualit\u00e0.\" \/>\n<meta name=\"robots\" content=\"index, follow, max-snippet:-1, max-image-preview:large, max-video-preview:-1\" \/>\n<link rel=\"canonical\" href=\"https:\/\/www.galleriasanpietro.com\/en\/medaglie-sacre\/medaglia-sacra-in-argento-di-santa-francesca-romana\/\" \/>\n<meta property=\"og:locale\" content=\"en_US\" \/>\n<meta property=\"og:type\" content=\"article\" \/>\n<meta property=\"og:title\" content=\"Medaglia Sacra in argento di Santa Francesca Romana | Galleria San Pietro\" \/>\n<meta property=\"og:description\" content=\"La Medaglia Sacra in argento di Santa Francesca Romana rappresenta la protezione e la devozione verso la santa, simbolo di fede e spiritualit\u00e0.\" \/>\n<meta property=\"og:url\" content=\"https:\/\/www.galleriasanpietro.com\/en\/medaglie-sacre\/medaglia-sacra-in-argento-di-santa-francesca-romana\/\" \/>\n<meta property=\"og:site_name\" content=\"Galleria San Pietro\" \/>\n<meta property=\"article:publisher\" content=\"https:\/\/www.facebook.com\/galleriasanpietroroma\/\" \/>\n<meta property=\"article:modified_time\" content=\"2025-09-01T13:42:41+00:00\" \/>\n<meta property=\"og:image\" content=\"https:\/\/www.galleriasanpietro.com\/wp-content\/uploads\/2020\/01\/MD0566-medaglia-san-francesca-romana.jpg\" \/>\n\t<meta property=\"og:image:width\" content=\"800\" \/>\n\t<meta property=\"og:image:height\" content=\"800\" \/>\n\t<meta property=\"og:image:type\" content=\"image\/jpeg\" \/>\n<meta name=\"twitter:label1\" content=\"Est. reading time\" \/>\n\t<meta name=\"twitter:data1\" content=\"2 minutes\" \/>\n<script type=\"application\/ld+json\" class=\"yoast-schema-graph\">{\"@context\":\"https:\/\/schema.org\",\"@graph\":[{\"@type\":\"WebPage\",\"@id\":\"https:\/\/www.galleriasanpietro.com\/en\/medaglie-sacre\/medaglia-sacra-in-argento-di-santa-francesca-romana\/\",\"url\":\"https:\/\/www.galleriasanpietro.com\/en\/medaglie-sacre\/medaglia-sacra-in-argento-di-santa-francesca-romana\/\",\"name\":\"Medaglia Sacra in argento di Santa Francesca Romana | Galleria San Pietro\",\"isPartOf\":{\"@id\":\"https:\/\/www.galleriasanpietro.com\/en\/#website\"},\"datePublished\":\"2020-01-24T11:40:31+00:00\",\"dateModified\":\"2025-09-01T13:42:41+00:00\",\"description\":\"La Medaglia Sacra in argento di Santa Francesca Romana rappresenta la protezione e la devozione verso la santa, simbolo di fede e spiritualit\u00e0.\",\"breadcrumb\":{\"@id\":\"https:\/\/www.galleriasanpietro.com\/en\/medaglie-sacre\/medaglia-sacra-in-argento-di-santa-francesca-romana\/#breadcrumb\"},\"inLanguage\":\"en-US\",\"potentialAction\":[{\"@type\":\"ReadAction\",\"target\":[\"https:\/\/www.galleriasanpietro.com\/en\/medaglie-sacre\/medaglia-sacra-in-argento-di-santa-francesca-romana\/\"]}]},{\"@type\":\"BreadcrumbList\",\"@id\":\"https:\/\/www.galleriasanpietro.com\/en\/medaglie-sacre\/medaglia-sacra-in-argento-di-santa-francesca-romana\/#breadcrumb\",\"itemListElement\":[{\"@type\":\"ListItem\",\"position\":1,\"name\":\"Home\",\"item\":\"https:\/\/www.galleriasanpietro.com\/en\/\"},{\"@type\":\"ListItem\",\"position\":2,\"name\":\"Our products\",\"item\":\"https:\/\/www.galleriasanpietro.com\/en\/products\/\"},{\"@type\":\"ListItem\",\"position\":3,\"name\":\"Medaglia Sacra in argento di Santa Francesca Romana\"}]},{\"@type\":\"WebSite\",\"@id\":\"https:\/\/www.galleriasanpietro.com\/en\/#website\",\"url\":\"https:\/\/www.galleriasanpietro.com\/en\/\",\"name\":\"Galleria San Pietro\",\"description\":\"Vendita articoli religiosi\",\"publisher\":{\"@id\":\"https:\/\/www.galleriasanpietro.com\/en\/#organization\"},\"potentialAction\":[{\"@type\":\"SearchAction\",\"target\":{\"@type\":\"EntryPoint\",\"urlTemplate\":\"https:\/\/www.galleriasanpietro.com\/en\/?s={search_term_string}\"},\"query-input\":\"required name=search_term_string\"}],\"inLanguage\":\"en-US\"},{\"@type\":\"Organization\",\"@id\":\"https:\/\/www.galleriasanpietro.com\/en\/#organization\",\"name\":\"Galleria San Pietro\",\"url\":\"https:\/\/www.galleriasanpietro.com\/en\/\",\"logo\":{\"@type\":\"ImageObject\",\"inLanguage\":\"en-US\",\"@id\":\"https:\/\/www.galleriasanpietro.com\/en\/#\/schema\/logo\/image\/\",\"url\":\"https:\/\/www.galleriasanpietro.com\/wp-content\/uploads\/2018\/03\/logo-san-pietro.png\",\"contentUrl\":\"https:\/\/www.galleriasanpietro.com\/wp-content\/uploads\/2018\/03\/logo-san-pietro.png\",\"width\":578,\"height\":128,\"caption\":\"Galleria San Pietro\"},\"image\":{\"@id\":\"https:\/\/www.galleriasanpietro.com\/en\/#\/schema\/logo\/image\/\"},\"sameAs\":[\"https:\/\/www.facebook.com\/galleriasanpietroroma\/\",\"https:\/\/www.instagram.com\/galleria_san_pietro\/\"]}]}<\/script>\n<!-- \/ Yoast SEO plugin. -->","yoast_head_json":{"title":"Medaglia Sacra in argento di Santa Francesca Romana | Galleria San Pietro","description":"La Medaglia Sacra in argento di Santa Francesca Romana rappresenta la protezione e la devozione verso la santa, simbolo di fede e spiritualit\u00e0.","robots":{"index":"index","follow":"follow","max-snippet":"max-snippet:-1","max-image-preview":"max-image-preview:large","max-video-preview":"max-video-preview:-1"},"canonical":"https:\/\/www.galleriasanpietro.com\/en\/medaglie-sacre\/medaglia-sacra-in-argento-di-santa-francesca-romana\/","og_locale":"en_US","og_type":"article","og_title":"Medaglia Sacra in argento di Santa Francesca Romana | Galleria San Pietro","og_description":"La Medaglia Sacra in argento di Santa Francesca Romana rappresenta la protezione e la devozione verso la santa, simbolo di fede e spiritualit\u00e0.","og_url":"https:\/\/www.galleriasanpietro.com\/en\/medaglie-sacre\/medaglia-sacra-in-argento-di-santa-francesca-romana\/","og_site_name":"Galleria San Pietro","article_publisher":"https:\/\/www.facebook.com\/galleriasanpietroroma\/","article_modified_time":"2025-09-01T13:42:41+00:00","og_image":[{"width":800,"height":800,"url":"https:\/\/www.galleriasanpietro.com\/wp-content\/uploads\/2020\/01\/MD0566-medaglia-san-francesca-romana.jpg","type":"image\/jpeg"}],"twitter_misc":{"Est. reading time":"2 minutes"},"schema":{"@context":"https:\/\/schema.org","@graph":[{"@type":"WebPage","@id":"https:\/\/www.galleriasanpietro.com\/en\/medaglie-sacre\/medaglia-sacra-in-argento-di-santa-francesca-romana\/","url":"https:\/\/www.galleriasanpietro.com\/en\/medaglie-sacre\/medaglia-sacra-in-argento-di-santa-francesca-romana\/","name":"Medaglia Sacra in argento di Santa Francesca Romana | Galleria San Pietro","isPartOf":{"@id":"https:\/\/www.galleriasanpietro.com\/en\/#website"},"datePublished":"2020-01-24T11:40:31+00:00","dateModified":"2025-09-01T13:42:41+00:00","description":"La Medaglia Sacra in argento di Santa Francesca Romana rappresenta la protezione e la devozione verso la santa, simbolo di fede e spiritualit\u00e0.","breadcrumb":{"@id":"https:\/\/www.galleriasanpietro.com\/en\/medaglie-sacre\/medaglia-sacra-in-argento-di-santa-francesca-romana\/#breadcrumb"},"inLanguage":"en-US","potentialAction":[{"@type":"ReadAction","target":["https:\/\/www.galleriasanpietro.com\/en\/medaglie-sacre\/medaglia-sacra-in-argento-di-santa-francesca-romana\/"]}]},{"@type":"BreadcrumbList","@id":"https:\/\/www.galleriasanpietro.com\/en\/medaglie-sacre\/medaglia-sacra-in-argento-di-santa-francesca-romana\/#breadcrumb","itemListElement":[{"@type":"ListItem","position":1,"name":"Home","item":"https:\/\/www.galleriasanpietro.com\/en\/"},{"@type":"ListItem","position":2,"name":"Our products","item":"https:\/\/www.galleriasanpietro.com\/en\/products\/"},{"@type":"ListItem","position":3,"name":"Medaglia Sacra in argento di Santa Francesca Romana"}]},{"@type":"WebSite","@id":"https:\/\/www.galleriasanpietro.com\/en\/#website","url":"https:\/\/www.galleriasanpietro.com\/en\/","name":"Galleria San Pietro","description":"Vendita articoli religiosi","publisher":{"@id":"https:\/\/www.galleriasanpietro.com\/en\/#organization"},"potentialAction":[{"@type":"SearchAction","target":{"@type":"EntryPoint","urlTemplate":"https:\/\/www.galleriasanpietro.com\/en\/?s={search_term_string}"},"query-input":"required name=search_term_string"}],"inLanguage":"en-US"},{"@type":"Organization","@id":"https:\/\/www.galleriasanpietro.com\/en\/#organization","name":"Galleria San Pietro","url":"https:\/\/www.galleriasanpietro.com\/en\/","logo":{"@type":"ImageObject","inLanguage":"en-US","@id":"https:\/\/www.galleriasanpietro.com\/en\/#\/schema\/logo\/image\/","url":"https:\/\/www.galleriasanpietro.com\/wp-content\/uploads\/2018\/03\/logo-san-pietro.png","contentUrl":"https:\/\/www.galleriasanpietro.com\/wp-content\/uploads\/2018\/03\/logo-san-pietro.png","width":578,"height":128,"caption":"Galleria San Pietro"},"image":{"@id":"https:\/\/www.galleriasanpietro.com\/en\/#\/schema\/logo\/image\/"},"sameAs":["https:\/\/www.facebook.com\/galleriasanpietroroma\/","https:\/\/www.instagram.com\/galleria_san_pietro\/"]}]}},"_links":{"self":[{"href":"https:\/\/www.galleriasanpietro.com\/en\/wp-json\/wp\/v2\/product\/10484","targetHints":{"allow":["GET"]}}],"collection":[{"href":"https:\/\/www.galleriasanpietro.com\/en\/wp-json\/wp\/v2\/product"}],"about":[{"href":"https:\/\/www.galleriasanpietro.com\/en\/wp-json\/wp\/v2\/types\/product"}],"wp:featuredmedia":[{"embeddable":true,"href":"https:\/\/www.galleriasanpietro.com\/en\/wp-json\/wp\/v2\/media\/15219"}],"wp:attachment":[{"href":"https:\/\/www.galleriasanpietro.com\/en\/wp-json\/wp\/v2\/media?parent=10484"}],"wp:term":[{"taxonomy":"product_cat","embeddable":true,"href":"https:\/\/www.galleriasanpietro.com\/en\/wp-json\/wp\/v2\/product_cat?post=10484"},{"taxonomy":"product_tag","embeddable":true,"href":"https:\/\/www.galleriasanpietro.com\/en\/wp-json\/wp\/v2\/product_tag?post=10484"}],"curies":[{"name":"wp","href":"https:\/\/api.w.org\/{rel}","templated":true}]}}