{"id":10479,"date":"2020-01-24T12:40:30","date_gmt":"2020-01-24T11:40:30","guid":{"rendered":"https:\/\/www.galleriasanpietro.com\/senza%20categoria\/medaglia-sacra-in-argento-di-santa-barbara\/"},"modified":"2024-12-19T11:20:36","modified_gmt":"2024-12-19T10:20:36","slug":"medaglia-sacra-in-argento-di-santa-barbara","status":"publish","type":"product","link":"https:\/\/www.galleriasanpietro.com\/en\/medaglie-sacre\/medaglia-sacra-in-argento-di-santa-barbara\/","title":{"rendered":"Medaglia Sacra in argento di Santa Barbara"},"content":{"rendered":"<p>La Medaglia Sacra in argento di Santa Barbara \u00e8 un oggetto di profonda significanza religiosa e culturale, spesso indossato dai devoti come segno di protezione e fede. Santa Barbara, patrona dei vigili del fuoco, degli artiglieri e dei minatori, \u00e8 venerata per la sua intercessione in momenti di pericolo, in particolare in situazioni legate al fuoco e agli esplosivi. La medaglia, realizzata in argento, presenta un design elegante e dettagliato, che riflette la tradizione artigianale italiana.<\/p>\n<p>Sulla superficie della medaglia, \u00e8 possibile osservare l&#8217;immagine iconica di Santa Barbara, rappresentata con la palma del martirio e la torre, simboli che richiamano la sua vita e il suo sacrificio. La torre, in particolare, \u00e8 un elemento distintivo, poich\u00e9 secondo la leggenda, Barbara fu rinchiusa in una torre dal padre per la sua fede cristiana. La medaglia \u00e8 spesso decorata con incisioni che esprimono invocazioni e preghiere, rendendola non solo un oggetto di devozione ma anche un amuleto di protezione.<\/p>\n<p>Indossare la Medaglia Sacra di Santa Barbara \u00e8 un atto di fede che offre conforto e sicurezza, specialmente per coloro che lavorano in professioni a rischio. La tradizione di portare questa medaglia \u00e8 radicata in secoli di storia, e molte persone la considerano un simbolo di coraggio e resilienza. Non \u00e8 raro trovare la medaglia in contesti religiosi, come durante le processioni o le celebrazioni liturgiche, dove viene benedetta e conferita ai fedeli.<\/p>\n<p>In sintesi, la Medaglia Sacra in argento di Santa Barbara rappresenta un potente simbolo di protezione e fede, un oggetto che racchiude storia, arte e spiritualit\u00e0, e continua a essere un importante punto di riferimento per molti devoti in tutto il mondo.<\/p>\n<ul>\n<li>Guarda altri medaglie <a href=\"https:\/\/www.galleriasanpietro.com\/medaglie-e-croci\/medaglie-sacre\/\">qui\u00a0<\/a><\/li>\n<li>Seguici su <a href=\"https:\/\/www.facebook.com\/galleriasanpietroroma\/\">Facebook\u00a0<\/a><\/li>\n<\/ul>\n","protected":false},"excerpt":{"rendered":"<p>Medaglia sacra in argento 925 a forma ovale raffigurante il volto di Santa Barbara<\/p>\n","protected":false},"featured_media":15201,"template":"","meta":[],"product_cat":[264],"product_tag":[],"class_list":{"0":"post-10479","1":"product","2":"type-product","3":"status-publish","4":"has-post-thumbnail","6":"product_cat-medaglie-sacre","8":"first","9":"outofstock","10":"shipping-taxable","11":"purchasable","12":"product-type-simple"},"acf":[],"yoast_head":"<!-- This site is optimized with the Yoast SEO plugin v21.7 - https:\/\/yoast.com\/wordpress\/plugins\/seo\/ -->\n<title>Medaglia Sacra in argento di Santa Barbara | Galleria San Pietro<\/title>\n<meta name=\"description\" content=\"La Medaglia Sacra in argento di Santa Barbara \u00e8 un simbolo di protezione e fede, evocando la forza e il coraggio della santa. Perfetta come dono.\" \/>\n<meta name=\"robots\" content=\"index, follow, max-snippet:-1, max-image-preview:large, max-video-preview:-1\" \/>\n<link rel=\"canonical\" href=\"https:\/\/www.galleriasanpietro.com\/en\/medaglie-sacre\/medaglia-sacra-in-argento-di-santa-barbara\/\" \/>\n<meta property=\"og:locale\" content=\"en_US\" \/>\n<meta property=\"og:type\" content=\"article\" \/>\n<meta property=\"og:title\" content=\"Medaglia Sacra in argento di Santa Barbara | Galleria San Pietro\" \/>\n<meta property=\"og:description\" content=\"La Medaglia Sacra in argento di Santa Barbara \u00e8 un simbolo di protezione e fede, evocando la forza e il coraggio della santa. Perfetta come dono.\" \/>\n<meta property=\"og:url\" content=\"https:\/\/www.galleriasanpietro.com\/en\/medaglie-sacre\/medaglia-sacra-in-argento-di-santa-barbara\/\" \/>\n<meta property=\"og:site_name\" content=\"Galleria San Pietro\" \/>\n<meta property=\"article:publisher\" content=\"https:\/\/www.facebook.com\/galleriasanpietroroma\/\" \/>\n<meta property=\"article:modified_time\" content=\"2024-12-19T10:20:36+00:00\" \/>\n<meta property=\"og:image\" content=\"https:\/\/www.galleriasanpietro.com\/wp-content\/uploads\/2020\/01\/MD0557-medaglia-santa-barbara.jpg\" \/>\n\t<meta property=\"og:image:width\" content=\"800\" \/>\n\t<meta property=\"og:image:height\" content=\"800\" \/>\n\t<meta property=\"og:image:type\" content=\"image\/jpeg\" \/>\n<meta name=\"twitter:label1\" content=\"Est. reading time\" \/>\n\t<meta name=\"twitter:data1\" content=\"2 minutes\" \/>\n<script type=\"application\/ld+json\" class=\"yoast-schema-graph\">{\"@context\":\"https:\/\/schema.org\",\"@graph\":[{\"@type\":\"WebPage\",\"@id\":\"https:\/\/www.galleriasanpietro.com\/en\/medaglie-sacre\/medaglia-sacra-in-argento-di-santa-barbara\/\",\"url\":\"https:\/\/www.galleriasanpietro.com\/en\/medaglie-sacre\/medaglia-sacra-in-argento-di-santa-barbara\/\",\"name\":\"Medaglia Sacra in argento di Santa Barbara | Galleria San Pietro\",\"isPartOf\":{\"@id\":\"https:\/\/www.galleriasanpietro.com\/en\/#website\"},\"datePublished\":\"2020-01-24T11:40:30+00:00\",\"dateModified\":\"2024-12-19T10:20:36+00:00\",\"description\":\"La Medaglia Sacra in argento di Santa Barbara \u00e8 un simbolo di protezione e fede, evocando la forza e il coraggio della santa. Perfetta come dono.\",\"breadcrumb\":{\"@id\":\"https:\/\/www.galleriasanpietro.com\/en\/medaglie-sacre\/medaglia-sacra-in-argento-di-santa-barbara\/#breadcrumb\"},\"inLanguage\":\"en-US\",\"potentialAction\":[{\"@type\":\"ReadAction\",\"target\":[\"https:\/\/www.galleriasanpietro.com\/en\/medaglie-sacre\/medaglia-sacra-in-argento-di-santa-barbara\/\"]}]},{\"@type\":\"BreadcrumbList\",\"@id\":\"https:\/\/www.galleriasanpietro.com\/en\/medaglie-sacre\/medaglia-sacra-in-argento-di-santa-barbara\/#breadcrumb\",\"itemListElement\":[{\"@type\":\"ListItem\",\"position\":1,\"name\":\"Home\",\"item\":\"https:\/\/www.galleriasanpietro.com\/en\/\"},{\"@type\":\"ListItem\",\"position\":2,\"name\":\"Our products\",\"item\":\"https:\/\/www.galleriasanpietro.com\/en\/products\/\"},{\"@type\":\"ListItem\",\"position\":3,\"name\":\"Medaglia Sacra in argento di Santa Barbara\"}]},{\"@type\":\"WebSite\",\"@id\":\"https:\/\/www.galleriasanpietro.com\/en\/#website\",\"url\":\"https:\/\/www.galleriasanpietro.com\/en\/\",\"name\":\"Galleria San Pietro\",\"description\":\"Vendita articoli religiosi\",\"publisher\":{\"@id\":\"https:\/\/www.galleriasanpietro.com\/en\/#organization\"},\"potentialAction\":[{\"@type\":\"SearchAction\",\"target\":{\"@type\":\"EntryPoint\",\"urlTemplate\":\"https:\/\/www.galleriasanpietro.com\/en\/?s={search_term_string}\"},\"query-input\":\"required name=search_term_string\"}],\"inLanguage\":\"en-US\"},{\"@type\":\"Organization\",\"@id\":\"https:\/\/www.galleriasanpietro.com\/en\/#organization\",\"name\":\"Galleria San Pietro\",\"url\":\"https:\/\/www.galleriasanpietro.com\/en\/\",\"logo\":{\"@type\":\"ImageObject\",\"inLanguage\":\"en-US\",\"@id\":\"https:\/\/www.galleriasanpietro.com\/en\/#\/schema\/logo\/image\/\",\"url\":\"https:\/\/www.galleriasanpietro.com\/wp-content\/uploads\/2018\/03\/logo-san-pietro.png\",\"contentUrl\":\"https:\/\/www.galleriasanpietro.com\/wp-content\/uploads\/2018\/03\/logo-san-pietro.png\",\"width\":578,\"height\":128,\"caption\":\"Galleria San Pietro\"},\"image\":{\"@id\":\"https:\/\/www.galleriasanpietro.com\/en\/#\/schema\/logo\/image\/\"},\"sameAs\":[\"https:\/\/www.facebook.com\/galleriasanpietroroma\/\",\"https:\/\/www.instagram.com\/galleria_san_pietro\/\"]}]}<\/script>\n<!-- \/ Yoast SEO plugin. -->","yoast_head_json":{"title":"Medaglia Sacra in argento di Santa Barbara | Galleria San Pietro","description":"La Medaglia Sacra in argento di Santa Barbara \u00e8 un simbolo di protezione e fede, evocando la forza e il coraggio della santa. Perfetta come dono.","robots":{"index":"index","follow":"follow","max-snippet":"max-snippet:-1","max-image-preview":"max-image-preview:large","max-video-preview":"max-video-preview:-1"},"canonical":"https:\/\/www.galleriasanpietro.com\/en\/medaglie-sacre\/medaglia-sacra-in-argento-di-santa-barbara\/","og_locale":"en_US","og_type":"article","og_title":"Medaglia Sacra in argento di Santa Barbara | Galleria San Pietro","og_description":"La Medaglia Sacra in argento di Santa Barbara \u00e8 un simbolo di protezione e fede, evocando la forza e il coraggio della santa. Perfetta come dono.","og_url":"https:\/\/www.galleriasanpietro.com\/en\/medaglie-sacre\/medaglia-sacra-in-argento-di-santa-barbara\/","og_site_name":"Galleria San Pietro","article_publisher":"https:\/\/www.facebook.com\/galleriasanpietroroma\/","article_modified_time":"2024-12-19T10:20:36+00:00","og_image":[{"width":800,"height":800,"url":"https:\/\/www.galleriasanpietro.com\/wp-content\/uploads\/2020\/01\/MD0557-medaglia-santa-barbara.jpg","type":"image\/jpeg"}],"twitter_misc":{"Est. reading time":"2 minutes"},"schema":{"@context":"https:\/\/schema.org","@graph":[{"@type":"WebPage","@id":"https:\/\/www.galleriasanpietro.com\/en\/medaglie-sacre\/medaglia-sacra-in-argento-di-santa-barbara\/","url":"https:\/\/www.galleriasanpietro.com\/en\/medaglie-sacre\/medaglia-sacra-in-argento-di-santa-barbara\/","name":"Medaglia Sacra in argento di Santa Barbara | Galleria San Pietro","isPartOf":{"@id":"https:\/\/www.galleriasanpietro.com\/en\/#website"},"datePublished":"2020-01-24T11:40:30+00:00","dateModified":"2024-12-19T10:20:36+00:00","description":"La Medaglia Sacra in argento di Santa Barbara \u00e8 un simbolo di protezione e fede, evocando la forza e il coraggio della santa. Perfetta come dono.","breadcrumb":{"@id":"https:\/\/www.galleriasanpietro.com\/en\/medaglie-sacre\/medaglia-sacra-in-argento-di-santa-barbara\/#breadcrumb"},"inLanguage":"en-US","potentialAction":[{"@type":"ReadAction","target":["https:\/\/www.galleriasanpietro.com\/en\/medaglie-sacre\/medaglia-sacra-in-argento-di-santa-barbara\/"]}]},{"@type":"BreadcrumbList","@id":"https:\/\/www.galleriasanpietro.com\/en\/medaglie-sacre\/medaglia-sacra-in-argento-di-santa-barbara\/#breadcrumb","itemListElement":[{"@type":"ListItem","position":1,"name":"Home","item":"https:\/\/www.galleriasanpietro.com\/en\/"},{"@type":"ListItem","position":2,"name":"Our products","item":"https:\/\/www.galleriasanpietro.com\/en\/products\/"},{"@type":"ListItem","position":3,"name":"Medaglia Sacra in argento di Santa Barbara"}]},{"@type":"WebSite","@id":"https:\/\/www.galleriasanpietro.com\/en\/#website","url":"https:\/\/www.galleriasanpietro.com\/en\/","name":"Galleria San Pietro","description":"Vendita articoli religiosi","publisher":{"@id":"https:\/\/www.galleriasanpietro.com\/en\/#organization"},"potentialAction":[{"@type":"SearchAction","target":{"@type":"EntryPoint","urlTemplate":"https:\/\/www.galleriasanpietro.com\/en\/?s={search_term_string}"},"query-input":"required name=search_term_string"}],"inLanguage":"en-US"},{"@type":"Organization","@id":"https:\/\/www.galleriasanpietro.com\/en\/#organization","name":"Galleria San Pietro","url":"https:\/\/www.galleriasanpietro.com\/en\/","logo":{"@type":"ImageObject","inLanguage":"en-US","@id":"https:\/\/www.galleriasanpietro.com\/en\/#\/schema\/logo\/image\/","url":"https:\/\/www.galleriasanpietro.com\/wp-content\/uploads\/2018\/03\/logo-san-pietro.png","contentUrl":"https:\/\/www.galleriasanpietro.com\/wp-content\/uploads\/2018\/03\/logo-san-pietro.png","width":578,"height":128,"caption":"Galleria San Pietro"},"image":{"@id":"https:\/\/www.galleriasanpietro.com\/en\/#\/schema\/logo\/image\/"},"sameAs":["https:\/\/www.facebook.com\/galleriasanpietroroma\/","https:\/\/www.instagram.com\/galleria_san_pietro\/"]}]}},"_links":{"self":[{"href":"https:\/\/www.galleriasanpietro.com\/en\/wp-json\/wp\/v2\/product\/10479","targetHints":{"allow":["GET"]}}],"collection":[{"href":"https:\/\/www.galleriasanpietro.com\/en\/wp-json\/wp\/v2\/product"}],"about":[{"href":"https:\/\/www.galleriasanpietro.com\/en\/wp-json\/wp\/v2\/types\/product"}],"wp:featuredmedia":[{"embeddable":true,"href":"https:\/\/www.galleriasanpietro.com\/en\/wp-json\/wp\/v2\/media\/15201"}],"wp:attachment":[{"href":"https:\/\/www.galleriasanpietro.com\/en\/wp-json\/wp\/v2\/media?parent=10479"}],"wp:term":[{"taxonomy":"product_cat","embeddable":true,"href":"https:\/\/www.galleriasanpietro.com\/en\/wp-json\/wp\/v2\/product_cat?post=10479"},{"taxonomy":"product_tag","embeddable":true,"href":"https:\/\/www.galleriasanpietro.com\/en\/wp-json\/wp\/v2\/product_tag?post=10479"}],"curies":[{"name":"wp","href":"https:\/\/api.w.org\/{rel}","templated":true}]}}